{"id":83,"date":"2016-03-24T17:54:17","date_gmt":"2016-03-24T16:54:17","guid":{"rendered":"http:\/\/www.chapelle-saintmichel-provence.fr\/archange\/?page_id=83"},"modified":"2016-03-25T15:59:46","modified_gmt":"2016-03-25T14:59:46","slug":"devenir-membre","status":"publish","type":"page","link":"https:\/\/www.chapelle-saintmichel-provence.fr\/archange\/association-amis-de-saint-michel\/devenir-membre\/","title":{"rendered":"Devenir membre"},"content":{"rendered":"<p><strong>Association des amis de saint-Michel<\/strong><br \/>\nChez Monsieur Girard Claude<br \/>\nRue Eucher Ferrier<br \/>\n<span style=\"font-size: small;\">13440 CABANNES<\/span><\/p>\n<p><a href=\"mailto:girard1940@gmail.com\"><span style=\"font-family: Arial;\">girard1940@gmail.com<\/span><\/a><\/p>\n<p>Pour toute adh\u00e9sion, renouvellement ou don pour l\u2019association des amis de saint-Michel merci de nous renvoyer ce bulletin rempli ainsi que le ch\u00e8que correspondant libell\u00e9 \u00e0 l\u2019ordre de l\u2019association des amis de saint-Michel.<\/p>\n<p><a href=\"http:\/\/www.chapelle-saintmichel-provence.fr\/archange\/wp-content\/uploads\/form_chapelle.pdf\" target=\"_blank\">(bulletin en PDF)<\/a><\/p>\n","protected":false},"excerpt":{"rendered":"<p>Association des amis de saint-Michel Chez Monsieur Girard Claude Rue Eucher Ferrier 13440 CABANNES girard1940@gmail.com Pour toute adh\u00e9sion, renouvellement ou don pour l\u2019association des amis de saint-Michel merci de nous renvoyer ce bulletin rempli ainsi que le ch\u00e8que correspondant libell\u00e9 \u00e0 l\u2019ordre de l\u2019association des amis de saint-Michel. (bulletin en PDF)<\/p>\n","protected":false},"author":1,"featured_media":0,"parent":15,"menu_order":30,"comment_status":"closed","ping_status":"closed","template":"","meta":{"footnotes":""},"class_list":["post-83","page","type-page","status-publish","hentry"],"yoast_head":"<!-- This site is optimized with the Yoast SEO plugin v27.4 - https:\/\/yoast.com\/product\/yoast-seo-wordpress\/ -->\n<title>Devenir membre - Chapelle Saint-Michel \u00e0 Cabannes<\/title>\n<meta name=\"robots\" content=\"index, follow, max-snippet:-1, max-image-preview:large, max-video-preview:-1\" \/>\n<link rel=\"canonical\" href=\"https:\/\/www.chapelle-saintmichel-provence.fr\/archange\/association-amis-de-saint-michel\/devenir-membre\/\" \/>\n<meta property=\"og:locale\" content=\"fr_FR\" \/>\n<meta property=\"og:type\" content=\"article\" \/>\n<meta property=\"og:title\" content=\"Devenir membre - Chapelle Saint-Michel \u00e0 Cabannes\" \/>\n<meta property=\"og:description\" content=\"Association des amis de saint-Michel Chez Monsieur Girard Claude Rue Eucher Ferrier 13440 CABANNES girard1940@gmail.com Pour toute adh\u00e9sion, renouvellement ou don pour l\u2019association des amis de saint-Michel merci de nous renvoyer ce bulletin rempli ainsi que le ch\u00e8que correspondant libell\u00e9 \u00e0 l\u2019ordre de l\u2019association des amis de saint-Michel. (bulletin en PDF)\" \/>\n<meta property=\"og:url\" content=\"https:\/\/www.chapelle-saintmichel-provence.fr\/archange\/association-amis-de-saint-michel\/devenir-membre\/\" \/>\n<meta property=\"og:site_name\" content=\"Chapelle Saint-Michel \u00e0 Cabannes\" \/>\n<meta property=\"article:modified_time\" content=\"2016-03-25T14:59:46+00:00\" \/>\n<meta name=\"twitter:card\" content=\"summary_large_image\" \/>\n<script type=\"application\/ld+json\" class=\"yoast-schema-graph\">{\"@context\":\"https:\\\/\\\/schema.org\",\"@graph\":[{\"@type\":\"WebPage\",\"@id\":\"https:\\\/\\\/www.chapelle-saintmichel-provence.fr\\\/archange\\\/association-amis-de-saint-michel\\\/devenir-membre\\\/\",\"url\":\"https:\\\/\\\/www.chapelle-saintmichel-provence.fr\\\/archange\\\/association-amis-de-saint-michel\\\/devenir-membre\\\/\",\"name\":\"Devenir membre - Chapelle Saint-Michel \u00e0 Cabannes\",\"isPartOf\":{\"@id\":\"http:\\\/\\\/www.chapelle-saintmichel-provence.fr\\\/archange\\\/#website\"},\"datePublished\":\"2016-03-24T16:54:17+00:00\",\"dateModified\":\"2016-03-25T14:59:46+00:00\",\"breadcrumb\":{\"@id\":\"https:\\\/\\\/www.chapelle-saintmichel-provence.fr\\\/archange\\\/association-amis-de-saint-michel\\\/devenir-membre\\\/#breadcrumb\"},\"inLanguage\":\"fr-FR\",\"potentialAction\":[{\"@type\":\"ReadAction\",\"target\":[\"https:\\\/\\\/www.chapelle-saintmichel-provence.fr\\\/archange\\\/association-amis-de-saint-michel\\\/devenir-membre\\\/\"]}]},{\"@type\":\"BreadcrumbList\",\"@id\":\"https:\\\/\\\/www.chapelle-saintmichel-provence.fr\\\/archange\\\/association-amis-de-saint-michel\\\/devenir-membre\\\/#breadcrumb\",\"itemListElement\":[{\"@type\":\"ListItem\",\"position\":1,\"name\":\"Accueil\",\"item\":\"http:\\\/\\\/www.chapelle-saintmichel-provence.fr\\\/archange\\\/\"},{\"@type\":\"ListItem\",\"position\":2,\"name\":\"Association des amis de Saint-Michel\",\"item\":\"https:\\\/\\\/www.chapelle-saintmichel-provence.fr\\\/archange\\\/association-amis-de-saint-michel\\\/\"},{\"@type\":\"ListItem\",\"position\":3,\"name\":\"Devenir membre\"}]},{\"@type\":\"WebSite\",\"@id\":\"http:\\\/\\\/www.chapelle-saintmichel-provence.fr\\\/archange\\\/#website\",\"url\":\"http:\\\/\\\/www.chapelle-saintmichel-provence.fr\\\/archange\\\/\",\"name\":\"Chapelle Saint-Michel \u00e0 Cabannes\",\"description\":\"Association Les amis de Saint Michel\",\"potentialAction\":[{\"@type\":\"SearchAction\",\"target\":{\"@type\":\"EntryPoint\",\"urlTemplate\":\"http:\\\/\\\/www.chapelle-saintmichel-provence.fr\\\/archange\\\/?s={search_term_string}\"},\"query-input\":{\"@type\":\"PropertyValueSpecification\",\"valueRequired\":true,\"valueName\":\"search_term_string\"}}],\"inLanguage\":\"fr-FR\"}]}<\/script>\n<!-- \/ Yoast SEO plugin. -->","yoast_head_json":{"title":"Devenir membre - Chapelle Saint-Michel \u00e0 Cabannes","robots":{"index":"index","follow":"follow","max-snippet":"max-snippet:-1","max-image-preview":"max-image-preview:large","max-video-preview":"max-video-preview:-1"},"canonical":"https:\/\/www.chapelle-saintmichel-provence.fr\/archange\/association-amis-de-saint-michel\/devenir-membre\/","og_locale":"fr_FR","og_type":"article","og_title":"Devenir membre - Chapelle Saint-Michel \u00e0 Cabannes","og_description":"Association des amis de saint-Michel Chez Monsieur Girard Claude Rue Eucher Ferrier 13440 CABANNES girard1940@gmail.com Pour toute adh\u00e9sion, renouvellement ou don pour l\u2019association des amis de saint-Michel merci de nous renvoyer ce bulletin rempli ainsi que le ch\u00e8que correspondant libell\u00e9 \u00e0 l\u2019ordre de l\u2019association des amis de saint-Michel. (bulletin en PDF)","og_url":"https:\/\/www.chapelle-saintmichel-provence.fr\/archange\/association-amis-de-saint-michel\/devenir-membre\/","og_site_name":"Chapelle Saint-Michel \u00e0 Cabannes","article_modified_time":"2016-03-25T14:59:46+00:00","twitter_card":"summary_large_image","schema":{"@context":"https:\/\/schema.org","@graph":[{"@type":"WebPage","@id":"https:\/\/www.chapelle-saintmichel-provence.fr\/archange\/association-amis-de-saint-michel\/devenir-membre\/","url":"https:\/\/www.chapelle-saintmichel-provence.fr\/archange\/association-amis-de-saint-michel\/devenir-membre\/","name":"Devenir membre - Chapelle Saint-Michel \u00e0 Cabannes","isPartOf":{"@id":"http:\/\/www.chapelle-saintmichel-provence.fr\/archange\/#website"},"datePublished":"2016-03-24T16:54:17+00:00","dateModified":"2016-03-25T14:59:46+00:00","breadcrumb":{"@id":"https:\/\/www.chapelle-saintmichel-provence.fr\/archange\/association-amis-de-saint-michel\/devenir-membre\/#breadcrumb"},"inLanguage":"fr-FR","potentialAction":[{"@type":"ReadAction","target":["https:\/\/www.chapelle-saintmichel-provence.fr\/archange\/association-amis-de-saint-michel\/devenir-membre\/"]}]},{"@type":"BreadcrumbList","@id":"https:\/\/www.chapelle-saintmichel-provence.fr\/archange\/association-amis-de-saint-michel\/devenir-membre\/#breadcrumb","itemListElement":[{"@type":"ListItem","position":1,"name":"Accueil","item":"http:\/\/www.chapelle-saintmichel-provence.fr\/archange\/"},{"@type":"ListItem","position":2,"name":"Association des amis de Saint-Michel","item":"https:\/\/www.chapelle-saintmichel-provence.fr\/archange\/association-amis-de-saint-michel\/"},{"@type":"ListItem","position":3,"name":"Devenir membre"}]},{"@type":"WebSite","@id":"http:\/\/www.chapelle-saintmichel-provence.fr\/archange\/#website","url":"http:\/\/www.chapelle-saintmichel-provence.fr\/archange\/","name":"Chapelle Saint-Michel \u00e0 Cabannes","description":"Association Les amis de Saint Michel","potentialAction":[{"@type":"SearchAction","target":{"@type":"EntryPoint","urlTemplate":"http:\/\/www.chapelle-saintmichel-provence.fr\/archange\/?s={search_term_string}"},"query-input":{"@type":"PropertyValueSpecification","valueRequired":true,"valueName":"search_term_string"}}],"inLanguage":"fr-FR"}]}},"_links":{"self":[{"href":"https:\/\/www.chapelle-saintmichel-provence.fr\/archange\/wp-json\/wp\/v2\/pages\/83","targetHints":{"allow":["GET"]}}],"collection":[{"href":"https:\/\/www.chapelle-saintmichel-provence.fr\/archange\/wp-json\/wp\/v2\/pages"}],"about":[{"href":"https:\/\/www.chapelle-saintmichel-provence.fr\/archange\/wp-json\/wp\/v2\/types\/page"}],"author":[{"embeddable":true,"href":"https:\/\/www.chapelle-saintmichel-provence.fr\/archange\/wp-json\/wp\/v2\/users\/1"}],"replies":[{"embeddable":true,"href":"https:\/\/www.chapelle-saintmichel-provence.fr\/archange\/wp-json\/wp\/v2\/comments?post=83"}],"version-history":[{"count":3,"href":"https:\/\/www.chapelle-saintmichel-provence.fr\/archange\/wp-json\/wp\/v2\/pages\/83\/revisions"}],"predecessor-version":[{"id":96,"href":"https:\/\/www.chapelle-saintmichel-provence.fr\/archange\/wp-json\/wp\/v2\/pages\/83\/revisions\/96"}],"up":[{"embeddable":true,"href":"https:\/\/www.chapelle-saintmichel-provence.fr\/archange\/wp-json\/wp\/v2\/pages\/15"}],"wp:attachment":[{"href":"https:\/\/www.chapelle-saintmichel-provence.fr\/archange\/wp-json\/wp\/v2\/media?parent=83"}],"curies":[{"name":"wp","href":"https:\/\/api.w.org\/{rel}","templated":true}]}}