{"id":81,"date":"2016-03-24T17:53:47","date_gmt":"2016-03-24T16:53:47","guid":{"rendered":"http:\/\/www.chapelle-saintmichel-provence.fr\/archange\/?page_id=81"},"modified":"2021-01-04T11:14:17","modified_gmt":"2021-01-04T10:14:17","slug":"les-membres-actuels","status":"publish","type":"page","link":"https:\/\/www.chapelle-saintmichel-provence.fr\/archange\/association-amis-de-saint-michel\/les-membres-actuels\/","title":{"rendered":"Les membres actuels"},"content":{"rendered":"<p>Les Amis de Saint Michel<br \/>\nAssociation 1901<\/p>\n<p>Notre Association de b\u00e9n\u00e9voles agit pour promouvoir dans notre commune, rurale la sauvegarde du patrimoine architectural et artistique.<\/p>\n<p>Vous appr\u00e9ciez notre village, votre aide nous est pr\u00e9cieuse.<br \/>\nVous voulez nous encourager \u00e0 poursuivre, adh\u00e9rez \u00e0 l\u2019Association,<\/p>\n<p>versez un don \u00e0 :<\/p>\n<p>\u00ab Les Amis de Saint Michel \u00bb<br \/>\n23 Rue Eucher Ferrier<br \/>\n13440 Cabannes<\/p>\n<p>Pr\u00e9sident : Claude GIRARD<br \/>\nTr\u00e9sorier : Ang\u00e8le GIRARD<br \/>\nSecr\u00e9taire: Monique OBISO<br \/>\nResponsable Internet: Victor BOISSE<\/p>\n<p>Conseil d\u2019administration :\u00a0 Jean Benoit, Pierre Bouvet, M-Th\u00e9r\u00e8se Benoit, Emmanuel Desachy,\u00a0 Ang\u00e8le Girard, Claude Girard, Laurent Taton, Marguerite Michel, Monique Gailet, Monique Obiso, Marc Bouzon<\/p>\n","protected":false},"excerpt":{"rendered":"<p>Les Amis de Saint Michel Association 1901 Notre Association de b\u00e9n\u00e9voles agit pour promouvoir dans notre commune, rurale la sauvegarde du patrimoine architectural et artistique. Vous appr\u00e9ciez notre village, votre aide nous est pr\u00e9cieuse. Vous voulez nous encourager \u00e0 poursuivre, adh\u00e9rez \u00e0 l\u2019Association, versez un don \u00e0 : \u00ab Les Amis de Saint Michel \u00bb &hellip; <a href=\"https:\/\/www.chapelle-saintmichel-provence.fr\/archange\/association-amis-de-saint-michel\/les-membres-actuels\/\" class=\"more-link\">Continuer la lecture de <span class=\"screen-reader-text\">Les membres actuels<\/span> <span class=\"meta-nav\">&rarr;<\/span><\/a><\/p>\n","protected":false},"author":1,"featured_media":0,"parent":15,"menu_order":20,"comment_status":"closed","ping_status":"closed","template":"","meta":{"footnotes":""},"class_list":["post-81","page","type-page","status-publish","hentry"],"yoast_head":"<!-- This site is optimized with the Yoast SEO plugin v27.5 - https:\/\/yoast.com\/product\/yoast-seo-wordpress\/ -->\n<title>Les membres actuels - Chapelle Saint-Michel \u00e0 Cabannes<\/title>\n<meta name=\"robots\" content=\"index, follow, max-snippet:-1, max-image-preview:large, max-video-preview:-1\" \/>\n<link rel=\"canonical\" href=\"https:\/\/www.chapelle-saintmichel-provence.fr\/archange\/association-amis-de-saint-michel\/les-membres-actuels\/\" \/>\n<meta property=\"og:locale\" content=\"fr_FR\" \/>\n<meta property=\"og:type\" content=\"article\" \/>\n<meta property=\"og:title\" content=\"Les membres actuels - Chapelle Saint-Michel \u00e0 Cabannes\" \/>\n<meta property=\"og:description\" content=\"Les Amis de Saint Michel Association 1901 Notre Association de b\u00e9n\u00e9voles agit pour promouvoir dans notre commune, rurale la sauvegarde du patrimoine architectural et artistique. Vous appr\u00e9ciez notre village, votre aide nous est pr\u00e9cieuse. Vous voulez nous encourager \u00e0 poursuivre, adh\u00e9rez \u00e0 l\u2019Association, versez un don \u00e0 : \u00ab Les Amis de Saint Michel \u00bb &hellip; Continuer la lecture de Les membres actuels &rarr;\" \/>\n<meta property=\"og:url\" content=\"https:\/\/www.chapelle-saintmichel-provence.fr\/archange\/association-amis-de-saint-michel\/les-membres-actuels\/\" \/>\n<meta property=\"og:site_name\" content=\"Chapelle Saint-Michel \u00e0 Cabannes\" \/>\n<meta property=\"article:modified_time\" content=\"2021-01-04T10:14:17+00:00\" \/>\n<meta name=\"twitter:card\" content=\"summary_large_image\" \/>\n<meta name=\"twitter:label1\" content=\"Dur\u00e9e de lecture estim\u00e9e\" \/>\n\t<meta name=\"twitter:data1\" content=\"1 minute\" \/>\n<script type=\"application\/ld+json\" class=\"yoast-schema-graph\">{\"@context\":\"https:\\\/\\\/schema.org\",\"@graph\":[{\"@type\":\"WebPage\",\"@id\":\"https:\\\/\\\/www.chapelle-saintmichel-provence.fr\\\/archange\\\/association-amis-de-saint-michel\\\/les-membres-actuels\\\/\",\"url\":\"https:\\\/\\\/www.chapelle-saintmichel-provence.fr\\\/archange\\\/association-amis-de-saint-michel\\\/les-membres-actuels\\\/\",\"name\":\"Les membres actuels - Chapelle Saint-Michel \u00e0 Cabannes\",\"isPartOf\":{\"@id\":\"http:\\\/\\\/www.chapelle-saintmichel-provence.fr\\\/archange\\\/#website\"},\"datePublished\":\"2016-03-24T16:53:47+00:00\",\"dateModified\":\"2021-01-04T10:14:17+00:00\",\"breadcrumb\":{\"@id\":\"https:\\\/\\\/www.chapelle-saintmichel-provence.fr\\\/archange\\\/association-amis-de-saint-michel\\\/les-membres-actuels\\\/#breadcrumb\"},\"inLanguage\":\"fr-FR\",\"potentialAction\":[{\"@type\":\"ReadAction\",\"target\":[\"https:\\\/\\\/www.chapelle-saintmichel-provence.fr\\\/archange\\\/association-amis-de-saint-michel\\\/les-membres-actuels\\\/\"]}]},{\"@type\":\"BreadcrumbList\",\"@id\":\"https:\\\/\\\/www.chapelle-saintmichel-provence.fr\\\/archange\\\/association-amis-de-saint-michel\\\/les-membres-actuels\\\/#breadcrumb\",\"itemListElement\":[{\"@type\":\"ListItem\",\"position\":1,\"name\":\"Accueil\",\"item\":\"http:\\\/\\\/www.chapelle-saintmichel-provence.fr\\\/archange\\\/\"},{\"@type\":\"ListItem\",\"position\":2,\"name\":\"Association des amis de Saint-Michel\",\"item\":\"https:\\\/\\\/www.chapelle-saintmichel-provence.fr\\\/archange\\\/association-amis-de-saint-michel\\\/\"},{\"@type\":\"ListItem\",\"position\":3,\"name\":\"Les membres actuels\"}]},{\"@type\":\"WebSite\",\"@id\":\"http:\\\/\\\/www.chapelle-saintmichel-provence.fr\\\/archange\\\/#website\",\"url\":\"http:\\\/\\\/www.chapelle-saintmichel-provence.fr\\\/archange\\\/\",\"name\":\"Chapelle Saint-Michel \u00e0 Cabannes\",\"description\":\"Association Les amis de Saint Michel\",\"potentialAction\":[{\"@type\":\"SearchAction\",\"target\":{\"@type\":\"EntryPoint\",\"urlTemplate\":\"http:\\\/\\\/www.chapelle-saintmichel-provence.fr\\\/archange\\\/?s={search_term_string}\"},\"query-input\":{\"@type\":\"PropertyValueSpecification\",\"valueRequired\":true,\"valueName\":\"search_term_string\"}}],\"inLanguage\":\"fr-FR\"}]}<\/script>\n<!-- \/ Yoast SEO plugin. -->","yoast_head_json":{"title":"Les membres actuels - Chapelle Saint-Michel \u00e0 Cabannes","robots":{"index":"index","follow":"follow","max-snippet":"max-snippet:-1","max-image-preview":"max-image-preview:large","max-video-preview":"max-video-preview:-1"},"canonical":"https:\/\/www.chapelle-saintmichel-provence.fr\/archange\/association-amis-de-saint-michel\/les-membres-actuels\/","og_locale":"fr_FR","og_type":"article","og_title":"Les membres actuels - Chapelle Saint-Michel \u00e0 Cabannes","og_description":"Les Amis de Saint Michel Association 1901 Notre Association de b\u00e9n\u00e9voles agit pour promouvoir dans notre commune, rurale la sauvegarde du patrimoine architectural et artistique. Vous appr\u00e9ciez notre village, votre aide nous est pr\u00e9cieuse. Vous voulez nous encourager \u00e0 poursuivre, adh\u00e9rez \u00e0 l\u2019Association, versez un don \u00e0 : \u00ab Les Amis de Saint Michel \u00bb &hellip; Continuer la lecture de Les membres actuels &rarr;","og_url":"https:\/\/www.chapelle-saintmichel-provence.fr\/archange\/association-amis-de-saint-michel\/les-membres-actuels\/","og_site_name":"Chapelle Saint-Michel \u00e0 Cabannes","article_modified_time":"2021-01-04T10:14:17+00:00","twitter_card":"summary_large_image","twitter_misc":{"Dur\u00e9e de lecture estim\u00e9e":"1 minute"},"schema":{"@context":"https:\/\/schema.org","@graph":[{"@type":"WebPage","@id":"https:\/\/www.chapelle-saintmichel-provence.fr\/archange\/association-amis-de-saint-michel\/les-membres-actuels\/","url":"https:\/\/www.chapelle-saintmichel-provence.fr\/archange\/association-amis-de-saint-michel\/les-membres-actuels\/","name":"Les membres actuels - Chapelle Saint-Michel \u00e0 Cabannes","isPartOf":{"@id":"http:\/\/www.chapelle-saintmichel-provence.fr\/archange\/#website"},"datePublished":"2016-03-24T16:53:47+00:00","dateModified":"2021-01-04T10:14:17+00:00","breadcrumb":{"@id":"https:\/\/www.chapelle-saintmichel-provence.fr\/archange\/association-amis-de-saint-michel\/les-membres-actuels\/#breadcrumb"},"inLanguage":"fr-FR","potentialAction":[{"@type":"ReadAction","target":["https:\/\/www.chapelle-saintmichel-provence.fr\/archange\/association-amis-de-saint-michel\/les-membres-actuels\/"]}]},{"@type":"BreadcrumbList","@id":"https:\/\/www.chapelle-saintmichel-provence.fr\/archange\/association-amis-de-saint-michel\/les-membres-actuels\/#breadcrumb","itemListElement":[{"@type":"ListItem","position":1,"name":"Accueil","item":"http:\/\/www.chapelle-saintmichel-provence.fr\/archange\/"},{"@type":"ListItem","position":2,"name":"Association des amis de Saint-Michel","item":"https:\/\/www.chapelle-saintmichel-provence.fr\/archange\/association-amis-de-saint-michel\/"},{"@type":"ListItem","position":3,"name":"Les membres actuels"}]},{"@type":"WebSite","@id":"http:\/\/www.chapelle-saintmichel-provence.fr\/archange\/#website","url":"http:\/\/www.chapelle-saintmichel-provence.fr\/archange\/","name":"Chapelle Saint-Michel \u00e0 Cabannes","description":"Association Les amis de Saint Michel","potentialAction":[{"@type":"SearchAction","target":{"@type":"EntryPoint","urlTemplate":"http:\/\/www.chapelle-saintmichel-provence.fr\/archange\/?s={search_term_string}"},"query-input":{"@type":"PropertyValueSpecification","valueRequired":true,"valueName":"search_term_string"}}],"inLanguage":"fr-FR"}]}},"_links":{"self":[{"href":"https:\/\/www.chapelle-saintmichel-provence.fr\/archange\/wp-json\/wp\/v2\/pages\/81","targetHints":{"allow":["GET"]}}],"collection":[{"href":"https:\/\/www.chapelle-saintmichel-provence.fr\/archange\/wp-json\/wp\/v2\/pages"}],"about":[{"href":"https:\/\/www.chapelle-saintmichel-provence.fr\/archange\/wp-json\/wp\/v2\/types\/page"}],"author":[{"embeddable":true,"href":"https:\/\/www.chapelle-saintmichel-provence.fr\/archange\/wp-json\/wp\/v2\/users\/1"}],"replies":[{"embeddable":true,"href":"https:\/\/www.chapelle-saintmichel-provence.fr\/archange\/wp-json\/wp\/v2\/comments?post=81"}],"version-history":[{"count":6,"href":"https:\/\/www.chapelle-saintmichel-provence.fr\/archange\/wp-json\/wp\/v2\/pages\/81\/revisions"}],"predecessor-version":[{"id":493,"href":"https:\/\/www.chapelle-saintmichel-provence.fr\/archange\/wp-json\/wp\/v2\/pages\/81\/revisions\/493"}],"up":[{"embeddable":true,"href":"https:\/\/www.chapelle-saintmichel-provence.fr\/archange\/wp-json\/wp\/v2\/pages\/15"}],"wp:attachment":[{"href":"https:\/\/www.chapelle-saintmichel-provence.fr\/archange\/wp-json\/wp\/v2\/media?parent=81"}],"curies":[{"name":"wp","href":"https:\/\/api.w.org\/{rel}","templated":true}]}}