{"id":69,"date":"2016-03-24T17:44:53","date_gmt":"2016-03-24T16:44:53","guid":{"rendered":"http:\/\/www.chapelle-saintmichel-provence.fr\/archange\/?page_id=69"},"modified":"2016-05-22T18:17:39","modified_gmt":"2016-05-22T17:17:39","slug":"devotion-a-saint-michel","status":"publish","type":"page","link":"https:\/\/www.chapelle-saintmichel-provence.fr\/archange\/presentation-de-chapelle\/devotion-a-saint-michel\/","title":{"rendered":"La d\u00e9votion \u00e0 saint Michel"},"content":{"rendered":"<p><img loading=\"lazy\" decoding=\"async\" class=\"size-medium wp-image-71 alignleft\" src=\"http:\/\/www.chapelle-saintmichel-provence.fr\/archange\/wp-content\/uploads\/DSC00157-1opt-179x300.jpg\" alt=\"DSC00157-1opt\" width=\"179\" height=\"300\" srcset=\"https:\/\/www.chapelle-saintmichel-provence.fr\/archange\/wp-content\/uploads\/DSC00157-1opt-179x300.jpg 179w, https:\/\/www.chapelle-saintmichel-provence.fr\/archange\/wp-content\/uploads\/DSC00157-1opt.jpg 400w\" sizes=\"auto, (max-width: 179px) 100vw, 179px\" \/>Dans la tradition chr\u00e9tienne, le nom de Saint Michel est cit\u00e9 juste apr\u00e8s celui de Marie, Reine des anges, comme protecteur de l&rsquo;Eglise.<\/p>\n<p>Le patronage micha\u00eblite de notre chapelle correspond tr\u00e8s bien \u00e0 ce que nous enseigne la tradition catholique : saint-Michel est pour le catholique fervent, en tant que premier des archanges, celui qui pr\u00e9side au jugement particulier des \u00e2mes apr\u00e8s la mort : c\u2019est saint Michel archange le \u00ab psychopompe \u00bb, c\u2019est-\u00e0-dire celui qui p\u00e8se les \u00e2mes.<\/p>\n<p>On le voit souvent ainsi repr\u00e9sent\u00e9 dans l\u2019iconographie catholique traditionnelle, par exemple dans le c\u00e9l\u00e8bre polyptyque du Jugement dernier de Rogier Van der Weyden, dans la grande salle de l\u2019H\u00d4TEL-DIEU de Beaune.<\/p>\n<p><img loading=\"lazy\" decoding=\"async\" class=\"size-medium wp-image-70 alignright\" src=\"http:\/\/www.chapelle-saintmichel-provence.fr\/archange\/wp-content\/uploads\/DSC00185-1opt-179x300.jpg\" alt=\"DSC00185-1opt\" width=\"179\" height=\"300\" srcset=\"https:\/\/www.chapelle-saintmichel-provence.fr\/archange\/wp-content\/uploads\/DSC00185-1opt-179x300.jpg 179w, https:\/\/www.chapelle-saintmichel-provence.fr\/archange\/wp-content\/uploads\/DSC00185-1opt.jpg 492w\" sizes=\"auto, (max-width: 179px) 100vw, 179px\" \/>L\u2019archange est invoqu\u00e9 comme \u00ab\u00a0notre sauvegarde contre les pi\u00e8ges et les emb\u00fbches du d\u00e9mon\u00a0\u00bb en tant que \u00ab\u00a0chef des arm\u00e9es de Dieu\u00a0\u00bb (Josu\u00e9 V, 14). Dans l&rsquo;apocalypse (XII, 7-9), Saint Jean nous dit en effet : \u00ab\u00a0et il y eut guerre dans le ciel. Michel et ses anges combattirent contre le dragon. Et le dragon et ses anges combattirent, mais ils ne furent pas les plus forts, et leur place ne fut pas trouv\u00e9e dans le ciel. Et il fut pr\u00e9cipit\u00e9, le grand dragon, le serpent ancien, appel\u00e9 le diable et Satan, celui qui s\u00e9duit toute la terre, il fut pr\u00e9cipit\u00e9 sur la terre, et ses anges furent pr\u00e9cipit\u00e9s avec lui.\u00a0\u00bb<br \/>\nCette mission hautement spirituelle du chef des arm\u00e9es c\u00e9lestes nous permet de comprendre facilement pourquoi le culte de saint-Michel est associ\u00e9 \u00e0 celui du respect de la m\u00e9moire des d\u00e9funts.<\/p>\n<p>&nbsp;<\/p>\n","protected":false},"excerpt":{"rendered":"<p>Dans la tradition chr\u00e9tienne, le nom de Saint Michel est cit\u00e9 juste apr\u00e8s celui de Marie, Reine des anges, comme protecteur de l&rsquo;Eglise. Le patronage micha\u00eblite de notre chapelle correspond tr\u00e8s bien \u00e0 ce que nous enseigne la tradition catholique : saint-Michel est pour le catholique fervent, en tant que premier des archanges, celui qui &hellip; <a href=\"https:\/\/www.chapelle-saintmichel-provence.fr\/archange\/presentation-de-chapelle\/devotion-a-saint-michel\/\" class=\"more-link\">Continuer la lecture de <span class=\"screen-reader-text\">La d\u00e9votion \u00e0 saint Michel<\/span> <span class=\"meta-nav\">&rarr;<\/span><\/a><\/p>\n","protected":false},"author":1,"featured_media":0,"parent":2,"menu_order":0,"comment_status":"closed","ping_status":"closed","template":"","meta":{"footnotes":""},"class_list":["post-69","page","type-page","status-publish","hentry"],"yoast_head":"<!-- This site is optimized with the Yoast SEO plugin v27.5 - https:\/\/yoast.com\/product\/yoast-seo-wordpress\/ -->\n<title>La d\u00e9votion \u00e0 saint Michel - Chapelle Saint-Michel \u00e0 Cabannes<\/title>\n<meta name=\"robots\" content=\"index, follow, max-snippet:-1, max-image-preview:large, max-video-preview:-1\" \/>\n<link rel=\"canonical\" href=\"https:\/\/www.chapelle-saintmichel-provence.fr\/archange\/presentation-de-chapelle\/devotion-a-saint-michel\/\" \/>\n<meta property=\"og:locale\" content=\"fr_FR\" \/>\n<meta property=\"og:type\" content=\"article\" \/>\n<meta property=\"og:title\" content=\"La d\u00e9votion \u00e0 saint Michel - Chapelle Saint-Michel \u00e0 Cabannes\" \/>\n<meta property=\"og:description\" content=\"Dans la tradition chr\u00e9tienne, le nom de Saint Michel est cit\u00e9 juste apr\u00e8s celui de Marie, Reine des anges, comme protecteur de l&rsquo;Eglise. Le patronage micha\u00eblite de notre chapelle correspond tr\u00e8s bien \u00e0 ce que nous enseigne la tradition catholique : saint-Michel est pour le catholique fervent, en tant que premier des archanges, celui qui &hellip; Continuer la lecture de La d\u00e9votion \u00e0 saint Michel &rarr;\" \/>\n<meta property=\"og:url\" content=\"https:\/\/www.chapelle-saintmichel-provence.fr\/archange\/presentation-de-chapelle\/devotion-a-saint-michel\/\" \/>\n<meta property=\"og:site_name\" content=\"Chapelle Saint-Michel \u00e0 Cabannes\" \/>\n<meta property=\"article:modified_time\" content=\"2016-05-22T17:17:39+00:00\" \/>\n<meta property=\"og:image\" content=\"http:\/\/www.chapelle-saintmichel-provence.fr\/archange\/wp-content\/uploads\/DSC00157-1opt-179x300.jpg\" \/>\n<meta name=\"twitter:card\" content=\"summary_large_image\" \/>\n<meta name=\"twitter:label1\" content=\"Dur\u00e9e de lecture estim\u00e9e\" \/>\n\t<meta name=\"twitter:data1\" content=\"1 minute\" \/>\n<script type=\"application\/ld+json\" class=\"yoast-schema-graph\">{\"@context\":\"https:\\\/\\\/schema.org\",\"@graph\":[{\"@type\":\"WebPage\",\"@id\":\"https:\\\/\\\/www.chapelle-saintmichel-provence.fr\\\/archange\\\/presentation-de-chapelle\\\/devotion-a-saint-michel\\\/\",\"url\":\"https:\\\/\\\/www.chapelle-saintmichel-provence.fr\\\/archange\\\/presentation-de-chapelle\\\/devotion-a-saint-michel\\\/\",\"name\":\"La d\u00e9votion \u00e0 saint Michel - Chapelle Saint-Michel \u00e0 Cabannes\",\"isPartOf\":{\"@id\":\"http:\\\/\\\/www.chapelle-saintmichel-provence.fr\\\/archange\\\/#website\"},\"primaryImageOfPage\":{\"@id\":\"https:\\\/\\\/www.chapelle-saintmichel-provence.fr\\\/archange\\\/presentation-de-chapelle\\\/devotion-a-saint-michel\\\/#primaryimage\"},\"image\":{\"@id\":\"https:\\\/\\\/www.chapelle-saintmichel-provence.fr\\\/archange\\\/presentation-de-chapelle\\\/devotion-a-saint-michel\\\/#primaryimage\"},\"thumbnailUrl\":\"http:\\\/\\\/www.chapelle-saintmichel-provence.fr\\\/archange\\\/wp-content\\\/uploads\\\/DSC00157-1opt-179x300.jpg\",\"datePublished\":\"2016-03-24T16:44:53+00:00\",\"dateModified\":\"2016-05-22T17:17:39+00:00\",\"breadcrumb\":{\"@id\":\"https:\\\/\\\/www.chapelle-saintmichel-provence.fr\\\/archange\\\/presentation-de-chapelle\\\/devotion-a-saint-michel\\\/#breadcrumb\"},\"inLanguage\":\"fr-FR\",\"potentialAction\":[{\"@type\":\"ReadAction\",\"target\":[\"https:\\\/\\\/www.chapelle-saintmichel-provence.fr\\\/archange\\\/presentation-de-chapelle\\\/devotion-a-saint-michel\\\/\"]}]},{\"@type\":\"ImageObject\",\"inLanguage\":\"fr-FR\",\"@id\":\"https:\\\/\\\/www.chapelle-saintmichel-provence.fr\\\/archange\\\/presentation-de-chapelle\\\/devotion-a-saint-michel\\\/#primaryimage\",\"url\":\"https:\\\/\\\/www.chapelle-saintmichel-provence.fr\\\/archange\\\/wp-content\\\/uploads\\\/DSC00157-1opt.jpg\",\"contentUrl\":\"https:\\\/\\\/www.chapelle-saintmichel-provence.fr\\\/archange\\\/wp-content\\\/uploads\\\/DSC00157-1opt.jpg\",\"width\":400,\"height\":671},{\"@type\":\"BreadcrumbList\",\"@id\":\"https:\\\/\\\/www.chapelle-saintmichel-provence.fr\\\/archange\\\/presentation-de-chapelle\\\/devotion-a-saint-michel\\\/#breadcrumb\",\"itemListElement\":[{\"@type\":\"ListItem\",\"position\":1,\"name\":\"Accueil\",\"item\":\"http:\\\/\\\/www.chapelle-saintmichel-provence.fr\\\/archange\\\/\"},{\"@type\":\"ListItem\",\"position\":2,\"name\":\"Pr\u00e9sentation de la Chapelle\",\"item\":\"http:\\\/\\\/www.chapelle-saintmichel-provence.fr\\\/archange\\\/\"},{\"@type\":\"ListItem\",\"position\":3,\"name\":\"La d\u00e9votion \u00e0 saint Michel\"}]},{\"@type\":\"WebSite\",\"@id\":\"http:\\\/\\\/www.chapelle-saintmichel-provence.fr\\\/archange\\\/#website\",\"url\":\"http:\\\/\\\/www.chapelle-saintmichel-provence.fr\\\/archange\\\/\",\"name\":\"Chapelle Saint-Michel \u00e0 Cabannes\",\"description\":\"Association Les amis de Saint Michel\",\"potentialAction\":[{\"@type\":\"SearchAction\",\"target\":{\"@type\":\"EntryPoint\",\"urlTemplate\":\"http:\\\/\\\/www.chapelle-saintmichel-provence.fr\\\/archange\\\/?s={search_term_string}\"},\"query-input\":{\"@type\":\"PropertyValueSpecification\",\"valueRequired\":true,\"valueName\":\"search_term_string\"}}],\"inLanguage\":\"fr-FR\"}]}<\/script>\n<!-- \/ Yoast SEO plugin. -->","yoast_head_json":{"title":"La d\u00e9votion \u00e0 saint Michel - Chapelle Saint-Michel \u00e0 Cabannes","robots":{"index":"index","follow":"follow","max-snippet":"max-snippet:-1","max-image-preview":"max-image-preview:large","max-video-preview":"max-video-preview:-1"},"canonical":"https:\/\/www.chapelle-saintmichel-provence.fr\/archange\/presentation-de-chapelle\/devotion-a-saint-michel\/","og_locale":"fr_FR","og_type":"article","og_title":"La d\u00e9votion \u00e0 saint Michel - Chapelle Saint-Michel \u00e0 Cabannes","og_description":"Dans la tradition chr\u00e9tienne, le nom de Saint Michel est cit\u00e9 juste apr\u00e8s celui de Marie, Reine des anges, comme protecteur de l&rsquo;Eglise. Le patronage micha\u00eblite de notre chapelle correspond tr\u00e8s bien \u00e0 ce que nous enseigne la tradition catholique : saint-Michel est pour le catholique fervent, en tant que premier des archanges, celui qui &hellip; Continuer la lecture de La d\u00e9votion \u00e0 saint Michel &rarr;","og_url":"https:\/\/www.chapelle-saintmichel-provence.fr\/archange\/presentation-de-chapelle\/devotion-a-saint-michel\/","og_site_name":"Chapelle Saint-Michel \u00e0 Cabannes","article_modified_time":"2016-05-22T17:17:39+00:00","og_image":[{"url":"http:\/\/www.chapelle-saintmichel-provence.fr\/archange\/wp-content\/uploads\/DSC00157-1opt-179x300.jpg","type":"","width":"","height":""}],"twitter_card":"summary_large_image","twitter_misc":{"Dur\u00e9e de lecture estim\u00e9e":"1 minute"},"schema":{"@context":"https:\/\/schema.org","@graph":[{"@type":"WebPage","@id":"https:\/\/www.chapelle-saintmichel-provence.fr\/archange\/presentation-de-chapelle\/devotion-a-saint-michel\/","url":"https:\/\/www.chapelle-saintmichel-provence.fr\/archange\/presentation-de-chapelle\/devotion-a-saint-michel\/","name":"La d\u00e9votion \u00e0 saint Michel - Chapelle Saint-Michel \u00e0 Cabannes","isPartOf":{"@id":"http:\/\/www.chapelle-saintmichel-provence.fr\/archange\/#website"},"primaryImageOfPage":{"@id":"https:\/\/www.chapelle-saintmichel-provence.fr\/archange\/presentation-de-chapelle\/devotion-a-saint-michel\/#primaryimage"},"image":{"@id":"https:\/\/www.chapelle-saintmichel-provence.fr\/archange\/presentation-de-chapelle\/devotion-a-saint-michel\/#primaryimage"},"thumbnailUrl":"http:\/\/www.chapelle-saintmichel-provence.fr\/archange\/wp-content\/uploads\/DSC00157-1opt-179x300.jpg","datePublished":"2016-03-24T16:44:53+00:00","dateModified":"2016-05-22T17:17:39+00:00","breadcrumb":{"@id":"https:\/\/www.chapelle-saintmichel-provence.fr\/archange\/presentation-de-chapelle\/devotion-a-saint-michel\/#breadcrumb"},"inLanguage":"fr-FR","potentialAction":[{"@type":"ReadAction","target":["https:\/\/www.chapelle-saintmichel-provence.fr\/archange\/presentation-de-chapelle\/devotion-a-saint-michel\/"]}]},{"@type":"ImageObject","inLanguage":"fr-FR","@id":"https:\/\/www.chapelle-saintmichel-provence.fr\/archange\/presentation-de-chapelle\/devotion-a-saint-michel\/#primaryimage","url":"https:\/\/www.chapelle-saintmichel-provence.fr\/archange\/wp-content\/uploads\/DSC00157-1opt.jpg","contentUrl":"https:\/\/www.chapelle-saintmichel-provence.fr\/archange\/wp-content\/uploads\/DSC00157-1opt.jpg","width":400,"height":671},{"@type":"BreadcrumbList","@id":"https:\/\/www.chapelle-saintmichel-provence.fr\/archange\/presentation-de-chapelle\/devotion-a-saint-michel\/#breadcrumb","itemListElement":[{"@type":"ListItem","position":1,"name":"Accueil","item":"http:\/\/www.chapelle-saintmichel-provence.fr\/archange\/"},{"@type":"ListItem","position":2,"name":"Pr\u00e9sentation de la Chapelle","item":"http:\/\/www.chapelle-saintmichel-provence.fr\/archange\/"},{"@type":"ListItem","position":3,"name":"La d\u00e9votion \u00e0 saint Michel"}]},{"@type":"WebSite","@id":"http:\/\/www.chapelle-saintmichel-provence.fr\/archange\/#website","url":"http:\/\/www.chapelle-saintmichel-provence.fr\/archange\/","name":"Chapelle Saint-Michel \u00e0 Cabannes","description":"Association Les amis de Saint Michel","potentialAction":[{"@type":"SearchAction","target":{"@type":"EntryPoint","urlTemplate":"http:\/\/www.chapelle-saintmichel-provence.fr\/archange\/?s={search_term_string}"},"query-input":{"@type":"PropertyValueSpecification","valueRequired":true,"valueName":"search_term_string"}}],"inLanguage":"fr-FR"}]}},"_links":{"self":[{"href":"https:\/\/www.chapelle-saintmichel-provence.fr\/archange\/wp-json\/wp\/v2\/pages\/69","targetHints":{"allow":["GET"]}}],"collection":[{"href":"https:\/\/www.chapelle-saintmichel-provence.fr\/archange\/wp-json\/wp\/v2\/pages"}],"about":[{"href":"https:\/\/www.chapelle-saintmichel-provence.fr\/archange\/wp-json\/wp\/v2\/types\/page"}],"author":[{"embeddable":true,"href":"https:\/\/www.chapelle-saintmichel-provence.fr\/archange\/wp-json\/wp\/v2\/users\/1"}],"replies":[{"embeddable":true,"href":"https:\/\/www.chapelle-saintmichel-provence.fr\/archange\/wp-json\/wp\/v2\/comments?post=69"}],"version-history":[{"count":4,"href":"https:\/\/www.chapelle-saintmichel-provence.fr\/archange\/wp-json\/wp\/v2\/pages\/69\/revisions"}],"predecessor-version":[{"id":190,"href":"https:\/\/www.chapelle-saintmichel-provence.fr\/archange\/wp-json\/wp\/v2\/pages\/69\/revisions\/190"}],"up":[{"embeddable":true,"href":"https:\/\/www.chapelle-saintmichel-provence.fr\/archange\/wp-json\/wp\/v2\/pages\/2"}],"wp:attachment":[{"href":"https:\/\/www.chapelle-saintmichel-provence.fr\/archange\/wp-json\/wp\/v2\/media?parent=69"}],"curies":[{"name":"wp","href":"https:\/\/api.w.org\/{rel}","templated":true}]}}