{"id":52,"date":"2016-03-23T18:16:56","date_gmt":"2016-03-23T17:16:56","guid":{"rendered":"http:\/\/www.chapelle-saintmichel-provence.fr\/archange\/?page_id=52"},"modified":"2016-03-23T18:16:56","modified_gmt":"2016-03-23T17:16:56","slug":"les-penitents-blancs","status":"publish","type":"page","link":"https:\/\/www.chapelle-saintmichel-provence.fr\/archange\/histoire-de-chapelle\/les-penitents-blancs\/","title":{"rendered":"Les p\u00e9nitents blancs"},"content":{"rendered":"<p>Qui s\u2019approche de la chapelle du cimeti\u00e8re de Cabannes, ne peut pas ne pas \u00eatre interpell\u00e9 par la sculpture au centre du tympan surmontant la porte d\u2019entr\u00e9e, de deux formes humaines partielles repr\u00e9sent\u00e9es la t\u00eate couverte d\u2019un curieux masque de tissu !<\/p>\n<p>Qu\u2019est-ce \u00e0 dire ? Tout simplement que nous faisons connaissance avec ce qui fut des d\u00e9cennies, une chapelle de P\u00e9nitents !<\/p>\n<p><img loading=\"lazy\" decoding=\"async\" class=\"size-medium wp-image-53 alignright\" src=\"http:\/\/www.chapelle-saintmichel-provence.fr\/archange\/wp-content\/uploads\/DSC08230opt-225x300.jpg\" alt=\"DSC08230opt\" width=\"225\" height=\"300\" srcset=\"https:\/\/www.chapelle-saintmichel-provence.fr\/archange\/wp-content\/uploads\/DSC08230opt-225x300.jpg 225w, https:\/\/www.chapelle-saintmichel-provence.fr\/archange\/wp-content\/uploads\/DSC08230opt.jpg 400w\" sizes=\"auto, (max-width: 225px) 100vw, 225px\" \/> Qu\u2019est-ce \u00e0 dire encore ? Ceux qui connaissent un peu la Provence profonde n\u2019auront pas \u00e9t\u00e9 sans rencontrer, au gr\u00e9 de la visite de la r\u00e9gion, telle ou telle chapelle des P\u00e9nitents, blancs, noirs, gris ou bleus.<\/p>\n<p>En effet, notre r\u00e9gion a compt\u00e9 dans les si\u00e8cles derniers et jusqu\u2019au XX\u00e8me si\u00e8cle, de multiples confr\u00e9ries de P\u00e9nitents\u2026<\/p>\n<p>Que peut-on en dire ?<\/p>\n<p>Que tout d\u2019abord l\u2019existence de ces confr\u00e9ries a manifest\u00e9 \u00e0 l\u2019\u00e9vidence le caract\u00e8re profond\u00e9ment religieux d\u2019une \u00e9poque : Les P\u00e9nitents \u00e9taient &#8211; ou sont &#8211; comme encore \u00e0 Avignon, Carpentras ou Vaison la Romaine pour les plus proches, ou encore plus en Corse, l\u2019expression d\u2019un d\u00e9sir de vie religieuse intense de la part de certains fid\u00e8les, les amenant bien que la\u00efcs, \u00e0 vivre des engagements de vie religieuse particuliers, par rapport \u00e0 leur communaut\u00e9 de vie ordinaire.<\/p>\n<p>\u00c9tymologiquement, le mot \u00ab P\u00e9nitent \u00bb veut dire \u00ab celui qui se repent \u00bb<\/p>\n<p>Portant un costume de toile grossi\u00e8re, signe de pauvret\u00e9, allant jusqu\u2019\u00e0 masquer le visage pour assurer en certaines circonstances l\u2019anonymat, ils avaient pris, ou ils prennent encore, des engagements solennels, remplissant tout d\u2019abord :<br \/>\n&#8211; Un r\u00f4le social, bien avant la s\u00e9curit\u00e9 sociale, allant jusqu\u2019\u00e0 g\u00e9rer les h\u00f4pitaux, des \u00ab H\u00d4TELS-DIEU \u00bb comme une sorte de Secours Catholique avant l\u2019heure<br \/>\n&#8211; Un r\u00f4le liturgique, assurant les obs\u00e8ques, en particulier des indigents<br \/>\n&#8211; Un r\u00f4le de pri\u00e8re liturgique, se r\u00e9unissant avec leur chapelain au moins les dimanches et les grands jours de f\u00eate apr\u00e8s-midi, les (f\u00eates carillonn\u00e9es),dans leur chapelle pour y chanter en gr\u00e9gorien, au moins l\u2019office des v\u00eapres, et souvent aussi la pri\u00e8re du soir, c\u2019est-\u00e0-dire les complies,tout cela extrait du br\u00e9viaire.<\/p>\n<p>Nous avons d\u2019ailleurs conserv\u00e9 bon nombre de leurs livres de chants gr\u00e9goriens, provenant des derniers P\u00e9nitents Blancs de Cabannes.<\/p>\n<p>NOTA-BENE : Si malheureusement beaucoup de confr\u00e9ries de p\u00e9nitents ont disparu, on doit noter l\u2019existence et le renouveau de certaines d\u2019entre elles, et m\u00eame des fondations. La Confr\u00e9rie la plus proche de nous avec laquelle les fid\u00e8les attach\u00e9s \u00e0 la vie religieuse de notre ch\u00e8re chapelle ont des contacts, est la D\u00e9vote et Royale Compagnie des P\u00e9nitents Gris d\u2019Avignon,dont la chapelle et le si\u00e8ge se situent rue des teinturiers :c\u2019est la plus ancienne de France.<\/p>\n<p><img loading=\"lazy\" decoding=\"async\" class=\"alignnone size-full wp-image-54\" src=\"http:\/\/www.chapelle-saintmichel-provence.fr\/archange\/wp-content\/uploads\/DSC03142.jpg\" alt=\"DSC03142\" width=\"3221\" height=\"1922\" srcset=\"https:\/\/www.chapelle-saintmichel-provence.fr\/archange\/wp-content\/uploads\/DSC03142.jpg 3221w, https:\/\/www.chapelle-saintmichel-provence.fr\/archange\/wp-content\/uploads\/DSC03142-300x179.jpg 300w, https:\/\/www.chapelle-saintmichel-provence.fr\/archange\/wp-content\/uploads\/DSC03142-1024x611.jpg 1024w, https:\/\/www.chapelle-saintmichel-provence.fr\/archange\/wp-content\/uploads\/DSC03142-1200x716.jpg 1200w\" sizes=\"auto, (max-width: 3221px) 100vw, 3221px\" \/><\/p>\n","protected":false},"excerpt":{"rendered":"<p>Qui s\u2019approche de la chapelle du cimeti\u00e8re de Cabannes, ne peut pas ne pas \u00eatre interpell\u00e9 par la sculpture au centre du tympan surmontant la porte d\u2019entr\u00e9e, de deux formes humaines partielles repr\u00e9sent\u00e9es la t\u00eate couverte d\u2019un curieux masque de tissu ! Qu\u2019est-ce \u00e0 dire ? Tout simplement que nous faisons connaissance avec ce qui &hellip; <a href=\"https:\/\/www.chapelle-saintmichel-provence.fr\/archange\/histoire-de-chapelle\/les-penitents-blancs\/\" class=\"more-link\">Continuer la lecture de <span class=\"screen-reader-text\">Les p\u00e9nitents blancs<\/span> <span class=\"meta-nav\">&rarr;<\/span><\/a><\/p>\n","protected":false},"author":1,"featured_media":0,"parent":11,"menu_order":0,"comment_status":"closed","ping_status":"closed","template":"","meta":{"footnotes":""},"class_list":["post-52","page","type-page","status-publish","hentry"],"yoast_head":"<!-- This site is optimized with the Yoast SEO plugin v27.5 - https:\/\/yoast.com\/product\/yoast-seo-wordpress\/ -->\n<title>Les p\u00e9nitents blancs - Chapelle Saint-Michel \u00e0 Cabannes<\/title>\n<meta name=\"robots\" content=\"index, follow, max-snippet:-1, max-image-preview:large, max-video-preview:-1\" \/>\n<link rel=\"canonical\" href=\"http:\/\/www.chapelle-saintmichel-provence.fr\/archange\/histoire-de-chapelle\/les-penitents-blancs\/\" \/>\n<meta property=\"og:locale\" content=\"fr_FR\" \/>\n<meta property=\"og:type\" content=\"article\" \/>\n<meta property=\"og:title\" content=\"Les p\u00e9nitents blancs - Chapelle Saint-Michel \u00e0 Cabannes\" \/>\n<meta property=\"og:description\" content=\"Qui s\u2019approche de la chapelle du cimeti\u00e8re de Cabannes, ne peut pas ne pas \u00eatre interpell\u00e9 par la sculpture au centre du tympan surmontant la porte d\u2019entr\u00e9e, de deux formes humaines partielles repr\u00e9sent\u00e9es la t\u00eate couverte d\u2019un curieux masque de tissu ! Qu\u2019est-ce \u00e0 dire ? Tout simplement que nous faisons connaissance avec ce qui &hellip; Continuer la lecture de Les p\u00e9nitents blancs &rarr;\" \/>\n<meta property=\"og:url\" content=\"http:\/\/www.chapelle-saintmichel-provence.fr\/archange\/histoire-de-chapelle\/les-penitents-blancs\/\" \/>\n<meta property=\"og:site_name\" content=\"Chapelle Saint-Michel \u00e0 Cabannes\" \/>\n<meta property=\"og:image\" content=\"http:\/\/www.chapelle-saintmichel-provence.fr\/archange\/wp-content\/uploads\/DSC08230opt-225x300.jpg\" \/>\n<meta name=\"twitter:card\" content=\"summary_large_image\" \/>\n<meta name=\"twitter:label1\" content=\"Dur\u00e9e de lecture estim\u00e9e\" \/>\n\t<meta name=\"twitter:data1\" content=\"2 minutes\" \/>\n<script type=\"application\/ld+json\" class=\"yoast-schema-graph\">{\"@context\":\"https:\\\/\\\/schema.org\",\"@graph\":[{\"@type\":\"WebPage\",\"@id\":\"http:\\\/\\\/www.chapelle-saintmichel-provence.fr\\\/archange\\\/histoire-de-chapelle\\\/les-penitents-blancs\\\/\",\"url\":\"http:\\\/\\\/www.chapelle-saintmichel-provence.fr\\\/archange\\\/histoire-de-chapelle\\\/les-penitents-blancs\\\/\",\"name\":\"Les p\u00e9nitents blancs - Chapelle Saint-Michel \u00e0 Cabannes\",\"isPartOf\":{\"@id\":\"http:\\\/\\\/www.chapelle-saintmichel-provence.fr\\\/archange\\\/#website\"},\"primaryImageOfPage\":{\"@id\":\"http:\\\/\\\/www.chapelle-saintmichel-provence.fr\\\/archange\\\/histoire-de-chapelle\\\/les-penitents-blancs\\\/#primaryimage\"},\"image\":{\"@id\":\"http:\\\/\\\/www.chapelle-saintmichel-provence.fr\\\/archange\\\/histoire-de-chapelle\\\/les-penitents-blancs\\\/#primaryimage\"},\"thumbnailUrl\":\"http:\\\/\\\/www.chapelle-saintmichel-provence.fr\\\/archange\\\/wp-content\\\/uploads\\\/DSC08230opt-225x300.jpg\",\"datePublished\":\"2016-03-23T17:16:56+00:00\",\"breadcrumb\":{\"@id\":\"http:\\\/\\\/www.chapelle-saintmichel-provence.fr\\\/archange\\\/histoire-de-chapelle\\\/les-penitents-blancs\\\/#breadcrumb\"},\"inLanguage\":\"fr-FR\",\"potentialAction\":[{\"@type\":\"ReadAction\",\"target\":[\"http:\\\/\\\/www.chapelle-saintmichel-provence.fr\\\/archange\\\/histoire-de-chapelle\\\/les-penitents-blancs\\\/\"]}]},{\"@type\":\"ImageObject\",\"inLanguage\":\"fr-FR\",\"@id\":\"http:\\\/\\\/www.chapelle-saintmichel-provence.fr\\\/archange\\\/histoire-de-chapelle\\\/les-penitents-blancs\\\/#primaryimage\",\"url\":\"https:\\\/\\\/www.chapelle-saintmichel-provence.fr\\\/archange\\\/wp-content\\\/uploads\\\/DSC08230opt.jpg\",\"contentUrl\":\"https:\\\/\\\/www.chapelle-saintmichel-provence.fr\\\/archange\\\/wp-content\\\/uploads\\\/DSC08230opt.jpg\",\"width\":400,\"height\":533},{\"@type\":\"BreadcrumbList\",\"@id\":\"http:\\\/\\\/www.chapelle-saintmichel-provence.fr\\\/archange\\\/histoire-de-chapelle\\\/les-penitents-blancs\\\/#breadcrumb\",\"itemListElement\":[{\"@type\":\"ListItem\",\"position\":1,\"name\":\"Accueil\",\"item\":\"http:\\\/\\\/www.chapelle-saintmichel-provence.fr\\\/archange\\\/\"},{\"@type\":\"ListItem\",\"position\":2,\"name\":\"Histoire de la Chapelle\",\"item\":\"http:\\\/\\\/www.chapelle-saintmichel-provence.fr\\\/archange\\\/histoire-de-chapelle\\\/\"},{\"@type\":\"ListItem\",\"position\":3,\"name\":\"Les p\u00e9nitents blancs\"}]},{\"@type\":\"WebSite\",\"@id\":\"http:\\\/\\\/www.chapelle-saintmichel-provence.fr\\\/archange\\\/#website\",\"url\":\"http:\\\/\\\/www.chapelle-saintmichel-provence.fr\\\/archange\\\/\",\"name\":\"Chapelle Saint-Michel \u00e0 Cabannes\",\"description\":\"Association Les amis de Saint Michel\",\"potentialAction\":[{\"@type\":\"SearchAction\",\"target\":{\"@type\":\"EntryPoint\",\"urlTemplate\":\"http:\\\/\\\/www.chapelle-saintmichel-provence.fr\\\/archange\\\/?s={search_term_string}\"},\"query-input\":{\"@type\":\"PropertyValueSpecification\",\"valueRequired\":true,\"valueName\":\"search_term_string\"}}],\"inLanguage\":\"fr-FR\"}]}<\/script>\n<!-- \/ Yoast SEO plugin. -->","yoast_head_json":{"title":"Les p\u00e9nitents blancs - Chapelle Saint-Michel \u00e0 Cabannes","robots":{"index":"index","follow":"follow","max-snippet":"max-snippet:-1","max-image-preview":"max-image-preview:large","max-video-preview":"max-video-preview:-1"},"canonical":"http:\/\/www.chapelle-saintmichel-provence.fr\/archange\/histoire-de-chapelle\/les-penitents-blancs\/","og_locale":"fr_FR","og_type":"article","og_title":"Les p\u00e9nitents blancs - Chapelle Saint-Michel \u00e0 Cabannes","og_description":"Qui s\u2019approche de la chapelle du cimeti\u00e8re de Cabannes, ne peut pas ne pas \u00eatre interpell\u00e9 par la sculpture au centre du tympan surmontant la porte d\u2019entr\u00e9e, de deux formes humaines partielles repr\u00e9sent\u00e9es la t\u00eate couverte d\u2019un curieux masque de tissu ! Qu\u2019est-ce \u00e0 dire ? Tout simplement que nous faisons connaissance avec ce qui &hellip; Continuer la lecture de Les p\u00e9nitents blancs &rarr;","og_url":"http:\/\/www.chapelle-saintmichel-provence.fr\/archange\/histoire-de-chapelle\/les-penitents-blancs\/","og_site_name":"Chapelle Saint-Michel \u00e0 Cabannes","og_image":[{"url":"http:\/\/www.chapelle-saintmichel-provence.fr\/archange\/wp-content\/uploads\/DSC08230opt-225x300.jpg","type":"","width":"","height":""}],"twitter_card":"summary_large_image","twitter_misc":{"Dur\u00e9e de lecture estim\u00e9e":"2 minutes"},"schema":{"@context":"https:\/\/schema.org","@graph":[{"@type":"WebPage","@id":"http:\/\/www.chapelle-saintmichel-provence.fr\/archange\/histoire-de-chapelle\/les-penitents-blancs\/","url":"http:\/\/www.chapelle-saintmichel-provence.fr\/archange\/histoire-de-chapelle\/les-penitents-blancs\/","name":"Les p\u00e9nitents blancs - Chapelle Saint-Michel \u00e0 Cabannes","isPartOf":{"@id":"http:\/\/www.chapelle-saintmichel-provence.fr\/archange\/#website"},"primaryImageOfPage":{"@id":"http:\/\/www.chapelle-saintmichel-provence.fr\/archange\/histoire-de-chapelle\/les-penitents-blancs\/#primaryimage"},"image":{"@id":"http:\/\/www.chapelle-saintmichel-provence.fr\/archange\/histoire-de-chapelle\/les-penitents-blancs\/#primaryimage"},"thumbnailUrl":"http:\/\/www.chapelle-saintmichel-provence.fr\/archange\/wp-content\/uploads\/DSC08230opt-225x300.jpg","datePublished":"2016-03-23T17:16:56+00:00","breadcrumb":{"@id":"http:\/\/www.chapelle-saintmichel-provence.fr\/archange\/histoire-de-chapelle\/les-penitents-blancs\/#breadcrumb"},"inLanguage":"fr-FR","potentialAction":[{"@type":"ReadAction","target":["http:\/\/www.chapelle-saintmichel-provence.fr\/archange\/histoire-de-chapelle\/les-penitents-blancs\/"]}]},{"@type":"ImageObject","inLanguage":"fr-FR","@id":"http:\/\/www.chapelle-saintmichel-provence.fr\/archange\/histoire-de-chapelle\/les-penitents-blancs\/#primaryimage","url":"https:\/\/www.chapelle-saintmichel-provence.fr\/archange\/wp-content\/uploads\/DSC08230opt.jpg","contentUrl":"https:\/\/www.chapelle-saintmichel-provence.fr\/archange\/wp-content\/uploads\/DSC08230opt.jpg","width":400,"height":533},{"@type":"BreadcrumbList","@id":"http:\/\/www.chapelle-saintmichel-provence.fr\/archange\/histoire-de-chapelle\/les-penitents-blancs\/#breadcrumb","itemListElement":[{"@type":"ListItem","position":1,"name":"Accueil","item":"http:\/\/www.chapelle-saintmichel-provence.fr\/archange\/"},{"@type":"ListItem","position":2,"name":"Histoire de la Chapelle","item":"http:\/\/www.chapelle-saintmichel-provence.fr\/archange\/histoire-de-chapelle\/"},{"@type":"ListItem","position":3,"name":"Les p\u00e9nitents blancs"}]},{"@type":"WebSite","@id":"http:\/\/www.chapelle-saintmichel-provence.fr\/archange\/#website","url":"http:\/\/www.chapelle-saintmichel-provence.fr\/archange\/","name":"Chapelle Saint-Michel \u00e0 Cabannes","description":"Association Les amis de Saint Michel","potentialAction":[{"@type":"SearchAction","target":{"@type":"EntryPoint","urlTemplate":"http:\/\/www.chapelle-saintmichel-provence.fr\/archange\/?s={search_term_string}"},"query-input":{"@type":"PropertyValueSpecification","valueRequired":true,"valueName":"search_term_string"}}],"inLanguage":"fr-FR"}]}},"_links":{"self":[{"href":"https:\/\/www.chapelle-saintmichel-provence.fr\/archange\/wp-json\/wp\/v2\/pages\/52","targetHints":{"allow":["GET"]}}],"collection":[{"href":"https:\/\/www.chapelle-saintmichel-provence.fr\/archange\/wp-json\/wp\/v2\/pages"}],"about":[{"href":"https:\/\/www.chapelle-saintmichel-provence.fr\/archange\/wp-json\/wp\/v2\/types\/page"}],"author":[{"embeddable":true,"href":"https:\/\/www.chapelle-saintmichel-provence.fr\/archange\/wp-json\/wp\/v2\/users\/1"}],"replies":[{"embeddable":true,"href":"https:\/\/www.chapelle-saintmichel-provence.fr\/archange\/wp-json\/wp\/v2\/comments?post=52"}],"version-history":[{"count":1,"href":"https:\/\/www.chapelle-saintmichel-provence.fr\/archange\/wp-json\/wp\/v2\/pages\/52\/revisions"}],"predecessor-version":[{"id":55,"href":"https:\/\/www.chapelle-saintmichel-provence.fr\/archange\/wp-json\/wp\/v2\/pages\/52\/revisions\/55"}],"up":[{"embeddable":true,"href":"https:\/\/www.chapelle-saintmichel-provence.fr\/archange\/wp-json\/wp\/v2\/pages\/11"}],"wp:attachment":[{"href":"https:\/\/www.chapelle-saintmichel-provence.fr\/archange\/wp-json\/wp\/v2\/media?parent=52"}],"curies":[{"name":"wp","href":"https:\/\/api.w.org\/{rel}","templated":true}]}}