{"id":49,"date":"2016-03-23T18:10:06","date_gmt":"2016-03-23T17:10:06","guid":{"rendered":"http:\/\/www.chapelle-saintmichel-provence.fr\/archange\/?page_id=49"},"modified":"2025-07-29T18:53:06","modified_gmt":"2025-07-29T17:53:06","slug":"actualites","status":"publish","type":"page","link":"https:\/\/www.chapelle-saintmichel-provence.fr\/archange\/actualites\/","title":{"rendered":"Actualit\u00e9s"},"content":{"rendered":"<h3 style=\"text-align: center;\"><strong><span style=\"color: #ff0000;\">Visite des cr\u00e8ches !<\/span><\/strong><\/h3>\n<h3 style=\"text-align: center;\"><img loading=\"lazy\" decoding=\"async\" class=\"alignnone wp-image-539\" src=\"http:\/\/www.chapelle-saintmichel-provence.fr\/archange\/wp-content\/uploads\/319371954_564994935439793_374583804762799960_n-212x300.jpg\" alt=\"\" width=\"497\" height=\"703\" srcset=\"https:\/\/www.chapelle-saintmichel-provence.fr\/archange\/wp-content\/uploads\/319371954_564994935439793_374583804762799960_n-212x300.jpg 212w, https:\/\/www.chapelle-saintmichel-provence.fr\/archange\/wp-content\/uploads\/319371954_564994935439793_374583804762799960_n-725x1024.jpg 725w, https:\/\/www.chapelle-saintmichel-provence.fr\/archange\/wp-content\/uploads\/319371954_564994935439793_374583804762799960_n.jpg 1449w\" sizes=\"auto, (max-width: 497px) 100vw, 497px\" \/><\/h3>\n<p style=\"text-align: center;\"><img loading=\"lazy\" decoding=\"async\" class=\"aligncenter wp-image-421 size-large\" style=\"color: #141412; font-family: &amp;quot; source sans pro&amp;quot;,helvetica,sans-serif; font-size: 16px; font-style: normal; font-variant: normal; font-weight: 400; height: auto; letter-spacing: normal; max-width: 100%; orphans: 2; outline-color: #72777c; outline-style: solid; outline-width: 1px; text-align: left; text-decoration: none; text-indent: 0px; text-transform: none; vertical-align: middle; -webkit-text-stroke-width: 0px; white-space: normal; word-spacing: 0px; margin: 5px 0px 5px 0px;\" src=\"http:\/\/www.chapelle-saintmichel-provence.fr\/archange\/wp-content\/uploads\/22137036_530355300634139_5113177783749901432_o-683x1024.jpg\" alt=\"\" width=\"604\" height=\"906\" srcset=\"https:\/\/www.chapelle-saintmichel-provence.fr\/archange\/wp-content\/uploads\/22137036_530355300634139_5113177783749901432_o-683x1024.jpg 683w, https:\/\/www.chapelle-saintmichel-provence.fr\/archange\/wp-content\/uploads\/22137036_530355300634139_5113177783749901432_o-200x300.jpg 200w, https:\/\/www.chapelle-saintmichel-provence.fr\/archange\/wp-content\/uploads\/22137036_530355300634139_5113177783749901432_o.jpg 700w\" sizes=\"auto, (max-width: 604px) 100vw, 604px\" \/><b><\/b><i><\/i><u><\/u><\/p>\n<p style=\"text-align: center;\"><img loading=\"lazy\" decoding=\"async\" class=\"alignnone wp-image-419 size-full\" src=\"http:\/\/www.chapelle-saintmichel-provence.fr\/archange\/wp-content\/uploads\/22180135_530351477301188_163490974168091823_o.jpg\" alt=\"\" width=\"1000\" height=\"667\" srcset=\"https:\/\/www.chapelle-saintmichel-provence.fr\/archange\/wp-content\/uploads\/22180135_530351477301188_163490974168091823_o.jpg 1000w, https:\/\/www.chapelle-saintmichel-provence.fr\/archange\/wp-content\/uploads\/22180135_530351477301188_163490974168091823_o-300x200.jpg 300w\" sizes=\"auto, (max-width: 1000px) 100vw, 1000px\" \/> <img loading=\"lazy\" decoding=\"async\" class=\"alignnone wp-image-420 size-full\" src=\"http:\/\/www.chapelle-saintmichel-provence.fr\/archange\/wp-content\/uploads\/22179983_530354990634170_4857612627517831494_o.jpg\" alt=\"\" width=\"1000\" height=\"667\" srcset=\"https:\/\/www.chapelle-saintmichel-provence.fr\/archange\/wp-content\/uploads\/22179983_530354990634170_4857612627517831494_o.jpg 1000w, https:\/\/www.chapelle-saintmichel-provence.fr\/archange\/wp-content\/uploads\/22179983_530354990634170_4857612627517831494_o-300x200.jpg 300w\" sizes=\"auto, (max-width: 1000px) 100vw, 1000px\" \/><\/p>\n<p style=\"text-align: center;\">Pr\u00e9sentation de la cr\u00e8che anim\u00e9e de Cabannes \u00a0:<\/p>\n<p style=\"text-align: center;\"><a href=\"https:\/\/www.youtube.com\/watch?v=IFlk-7tJXi0\">https:\/\/www.youtube.com\/watch?v=IFlk-7tJXi0<\/a><\/p>\n<p style=\"text-align: center;\">Messe \u00e0 la Chapelle Saint MICHEL pour la charrette 2014 :<\/p>\n<p style=\"text-align: center;\"><a href=\"https:\/\/www.youtube.com\/watch?v=ruJbnrO1FYM\">https:\/\/www.youtube.com\/watch?v=MhUvFGY-_MU<\/a><\/p>\n<p style=\"text-align: center;\"><a href=\"https:\/\/www.youtube.com\/watch?v=ruJbnrO1FYM\">https:\/\/www.youtube.com\/watch?v=ruJbnrO1FYM<\/a><\/p>\n<p style=\"text-align: center;\">\n","protected":false},"excerpt":{"rendered":"<p>Visite des cr\u00e8ches ! Pr\u00e9sentation de la cr\u00e8che anim\u00e9e de Cabannes \u00a0: https:\/\/www.youtube.com\/watch?v=IFlk-7tJXi0 Messe \u00e0 la Chapelle Saint MICHEL pour la charrette 2014 : https:\/\/www.youtube.com\/watch?v=MhUvFGY-_MU https:\/\/www.youtube.com\/watch?v=ruJbnrO1FYM<\/p>\n","protected":false},"author":1,"featured_media":0,"parent":0,"menu_order":30,"comment_status":"closed","ping_status":"closed","template":"","meta":{"footnotes":""},"class_list":["post-49","page","type-page","status-publish","hentry"],"yoast_head":"<!-- This site is optimized with the Yoast SEO plugin v27.4 - https:\/\/yoast.com\/product\/yoast-seo-wordpress\/ -->\n<title>Actualit\u00e9s - Chapelle Saint-Michel \u00e0 Cabannes<\/title>\n<meta name=\"robots\" content=\"index, follow, max-snippet:-1, max-image-preview:large, max-video-preview:-1\" \/>\n<link rel=\"canonical\" href=\"https:\/\/www.chapelle-saintmichel-provence.fr\/archange\/actualites\/\" \/>\n<meta property=\"og:locale\" content=\"fr_FR\" \/>\n<meta property=\"og:type\" content=\"article\" \/>\n<meta property=\"og:title\" content=\"Actualit\u00e9s - Chapelle Saint-Michel \u00e0 Cabannes\" \/>\n<meta property=\"og:description\" content=\"Visite des cr\u00e8ches ! Pr\u00e9sentation de la cr\u00e8che anim\u00e9e de Cabannes \u00a0: https:\/\/www.youtube.com\/watch?v=IFlk-7tJXi0 Messe \u00e0 la Chapelle Saint MICHEL pour la charrette 2014 : https:\/\/www.youtube.com\/watch?v=MhUvFGY-_MU https:\/\/www.youtube.com\/watch?v=ruJbnrO1FYM\" \/>\n<meta property=\"og:url\" content=\"https:\/\/www.chapelle-saintmichel-provence.fr\/archange\/actualites\/\" \/>\n<meta property=\"og:site_name\" content=\"Chapelle Saint-Michel \u00e0 Cabannes\" \/>\n<meta property=\"article:modified_time\" content=\"2025-07-29T17:53:06+00:00\" \/>\n<meta property=\"og:image\" content=\"http:\/\/www.chapelle-saintmichel-provence.fr\/archange\/wp-content\/uploads\/319371954_564994935439793_374583804762799960_n-212x300.jpg\" \/>\n<meta name=\"twitter:card\" content=\"summary_large_image\" \/>\n<meta name=\"twitter:label1\" content=\"Dur\u00e9e de lecture estim\u00e9e\" \/>\n\t<meta name=\"twitter:data1\" content=\"1 minute\" \/>\n<script type=\"application\/ld+json\" class=\"yoast-schema-graph\">{\"@context\":\"https:\\\/\\\/schema.org\",\"@graph\":[{\"@type\":\"WebPage\",\"@id\":\"https:\\\/\\\/www.chapelle-saintmichel-provence.fr\\\/archange\\\/actualites\\\/\",\"url\":\"https:\\\/\\\/www.chapelle-saintmichel-provence.fr\\\/archange\\\/actualites\\\/\",\"name\":\"Actualit\u00e9s - Chapelle Saint-Michel \u00e0 Cabannes\",\"isPartOf\":{\"@id\":\"https:\\\/\\\/www.chapelle-saintmichel-provence.fr\\\/archange\\\/#website\"},\"primaryImageOfPage\":{\"@id\":\"https:\\\/\\\/www.chapelle-saintmichel-provence.fr\\\/archange\\\/actualites\\\/#primaryimage\"},\"image\":{\"@id\":\"https:\\\/\\\/www.chapelle-saintmichel-provence.fr\\\/archange\\\/actualites\\\/#primaryimage\"},\"thumbnailUrl\":\"http:\\\/\\\/www.chapelle-saintmichel-provence.fr\\\/archange\\\/wp-content\\\/uploads\\\/319371954_564994935439793_374583804762799960_n-212x300.jpg\",\"datePublished\":\"2016-03-23T17:10:06+00:00\",\"dateModified\":\"2025-07-29T17:53:06+00:00\",\"breadcrumb\":{\"@id\":\"https:\\\/\\\/www.chapelle-saintmichel-provence.fr\\\/archange\\\/actualites\\\/#breadcrumb\"},\"inLanguage\":\"fr-FR\",\"potentialAction\":[{\"@type\":\"ReadAction\",\"target\":[\"https:\\\/\\\/www.chapelle-saintmichel-provence.fr\\\/archange\\\/actualites\\\/\"]}]},{\"@type\":\"ImageObject\",\"inLanguage\":\"fr-FR\",\"@id\":\"https:\\\/\\\/www.chapelle-saintmichel-provence.fr\\\/archange\\\/actualites\\\/#primaryimage\",\"url\":\"https:\\\/\\\/www.chapelle-saintmichel-provence.fr\\\/archange\\\/wp-content\\\/uploads\\\/319371954_564994935439793_374583804762799960_n.jpg\",\"contentUrl\":\"https:\\\/\\\/www.chapelle-saintmichel-provence.fr\\\/archange\\\/wp-content\\\/uploads\\\/319371954_564994935439793_374583804762799960_n.jpg\",\"width\":1449,\"height\":2048},{\"@type\":\"BreadcrumbList\",\"@id\":\"https:\\\/\\\/www.chapelle-saintmichel-provence.fr\\\/archange\\\/actualites\\\/#breadcrumb\",\"itemListElement\":[{\"@type\":\"ListItem\",\"position\":1,\"name\":\"Accueil\",\"item\":\"https:\\\/\\\/www.chapelle-saintmichel-provence.fr\\\/archange\\\/\"},{\"@type\":\"ListItem\",\"position\":2,\"name\":\"Actualit\u00e9s\"}]},{\"@type\":\"WebSite\",\"@id\":\"https:\\\/\\\/www.chapelle-saintmichel-provence.fr\\\/archange\\\/#website\",\"url\":\"https:\\\/\\\/www.chapelle-saintmichel-provence.fr\\\/archange\\\/\",\"name\":\"Chapelle Saint-Michel \u00e0 Cabannes\",\"description\":\"Association Les amis de Saint Michel\",\"potentialAction\":[{\"@type\":\"SearchAction\",\"target\":{\"@type\":\"EntryPoint\",\"urlTemplate\":\"https:\\\/\\\/www.chapelle-saintmichel-provence.fr\\\/archange\\\/?s={search_term_string}\"},\"query-input\":{\"@type\":\"PropertyValueSpecification\",\"valueRequired\":true,\"valueName\":\"search_term_string\"}}],\"inLanguage\":\"fr-FR\"}]}<\/script>\n<!-- \/ Yoast SEO plugin. -->","yoast_head_json":{"title":"Actualit\u00e9s - Chapelle Saint-Michel \u00e0 Cabannes","robots":{"index":"index","follow":"follow","max-snippet":"max-snippet:-1","max-image-preview":"max-image-preview:large","max-video-preview":"max-video-preview:-1"},"canonical":"https:\/\/www.chapelle-saintmichel-provence.fr\/archange\/actualites\/","og_locale":"fr_FR","og_type":"article","og_title":"Actualit\u00e9s - Chapelle Saint-Michel \u00e0 Cabannes","og_description":"Visite des cr\u00e8ches ! Pr\u00e9sentation de la cr\u00e8che anim\u00e9e de Cabannes \u00a0: https:\/\/www.youtube.com\/watch?v=IFlk-7tJXi0 Messe \u00e0 la Chapelle Saint MICHEL pour la charrette 2014 : https:\/\/www.youtube.com\/watch?v=MhUvFGY-_MU https:\/\/www.youtube.com\/watch?v=ruJbnrO1FYM","og_url":"https:\/\/www.chapelle-saintmichel-provence.fr\/archange\/actualites\/","og_site_name":"Chapelle Saint-Michel \u00e0 Cabannes","article_modified_time":"2025-07-29T17:53:06+00:00","og_image":[{"url":"http:\/\/www.chapelle-saintmichel-provence.fr\/archange\/wp-content\/uploads\/319371954_564994935439793_374583804762799960_n-212x300.jpg","type":"","width":"","height":""}],"twitter_card":"summary_large_image","twitter_misc":{"Dur\u00e9e de lecture estim\u00e9e":"1 minute"},"schema":{"@context":"https:\/\/schema.org","@graph":[{"@type":"WebPage","@id":"https:\/\/www.chapelle-saintmichel-provence.fr\/archange\/actualites\/","url":"https:\/\/www.chapelle-saintmichel-provence.fr\/archange\/actualites\/","name":"Actualit\u00e9s - Chapelle Saint-Michel \u00e0 Cabannes","isPartOf":{"@id":"https:\/\/www.chapelle-saintmichel-provence.fr\/archange\/#website"},"primaryImageOfPage":{"@id":"https:\/\/www.chapelle-saintmichel-provence.fr\/archange\/actualites\/#primaryimage"},"image":{"@id":"https:\/\/www.chapelle-saintmichel-provence.fr\/archange\/actualites\/#primaryimage"},"thumbnailUrl":"http:\/\/www.chapelle-saintmichel-provence.fr\/archange\/wp-content\/uploads\/319371954_564994935439793_374583804762799960_n-212x300.jpg","datePublished":"2016-03-23T17:10:06+00:00","dateModified":"2025-07-29T17:53:06+00:00","breadcrumb":{"@id":"https:\/\/www.chapelle-saintmichel-provence.fr\/archange\/actualites\/#breadcrumb"},"inLanguage":"fr-FR","potentialAction":[{"@type":"ReadAction","target":["https:\/\/www.chapelle-saintmichel-provence.fr\/archange\/actualites\/"]}]},{"@type":"ImageObject","inLanguage":"fr-FR","@id":"https:\/\/www.chapelle-saintmichel-provence.fr\/archange\/actualites\/#primaryimage","url":"https:\/\/www.chapelle-saintmichel-provence.fr\/archange\/wp-content\/uploads\/319371954_564994935439793_374583804762799960_n.jpg","contentUrl":"https:\/\/www.chapelle-saintmichel-provence.fr\/archange\/wp-content\/uploads\/319371954_564994935439793_374583804762799960_n.jpg","width":1449,"height":2048},{"@type":"BreadcrumbList","@id":"https:\/\/www.chapelle-saintmichel-provence.fr\/archange\/actualites\/#breadcrumb","itemListElement":[{"@type":"ListItem","position":1,"name":"Accueil","item":"https:\/\/www.chapelle-saintmichel-provence.fr\/archange\/"},{"@type":"ListItem","position":2,"name":"Actualit\u00e9s"}]},{"@type":"WebSite","@id":"https:\/\/www.chapelle-saintmichel-provence.fr\/archange\/#website","url":"https:\/\/www.chapelle-saintmichel-provence.fr\/archange\/","name":"Chapelle Saint-Michel \u00e0 Cabannes","description":"Association Les amis de Saint Michel","potentialAction":[{"@type":"SearchAction","target":{"@type":"EntryPoint","urlTemplate":"https:\/\/www.chapelle-saintmichel-provence.fr\/archange\/?s={search_term_string}"},"query-input":{"@type":"PropertyValueSpecification","valueRequired":true,"valueName":"search_term_string"}}],"inLanguage":"fr-FR"}]}},"_links":{"self":[{"href":"https:\/\/www.chapelle-saintmichel-provence.fr\/archange\/wp-json\/wp\/v2\/pages\/49","targetHints":{"allow":["GET"]}}],"collection":[{"href":"https:\/\/www.chapelle-saintmichel-provence.fr\/archange\/wp-json\/wp\/v2\/pages"}],"about":[{"href":"https:\/\/www.chapelle-saintmichel-provence.fr\/archange\/wp-json\/wp\/v2\/types\/page"}],"author":[{"embeddable":true,"href":"https:\/\/www.chapelle-saintmichel-provence.fr\/archange\/wp-json\/wp\/v2\/users\/1"}],"replies":[{"embeddable":true,"href":"https:\/\/www.chapelle-saintmichel-provence.fr\/archange\/wp-json\/wp\/v2\/comments?post=49"}],"version-history":[{"count":16,"href":"https:\/\/www.chapelle-saintmichel-provence.fr\/archange\/wp-json\/wp\/v2\/pages\/49\/revisions"}],"predecessor-version":[{"id":570,"href":"https:\/\/www.chapelle-saintmichel-provence.fr\/archange\/wp-json\/wp\/v2\/pages\/49\/revisions\/570"}],"wp:attachment":[{"href":"https:\/\/www.chapelle-saintmichel-provence.fr\/archange\/wp-json\/wp\/v2\/media?parent=49"}],"curies":[{"name":"wp","href":"https:\/\/api.w.org\/{rel}","templated":true}]}}