{"id":224,"date":"2016-10-25T14:15:36","date_gmt":"2016-10-25T13:15:36","guid":{"rendered":"http:\/\/www.chapelle-saintmichel-provence.fr\/archange\/?page_id=224"},"modified":"2025-07-29T18:19:41","modified_gmt":"2025-07-29T17:19:41","slug":"horaires-messes-de-lup","status":"publish","type":"page","link":"https:\/\/www.chapelle-saintmichel-provence.fr\/archange\/horaires-messes-de-lup\/","title":{"rendered":"Horaires des messes de l&rsquo;UP"},"content":{"rendered":"<div class=\"EgliseInfo-container\">\n<div data-egliseinfo=\"horaires\" data-search=\"13440\" data-limit=\"19\" data-open-in-egliseinfo=\"true\"><\/div>\n<p><script type=\"text\/javascript\" language=\"javascript\" src=\"https:\/\/messes.info\/\/Widget\/Widget.nocache.js\"><\/script><\/p>\n<p>Retrouvez tous les horaires des c\u00e9l\u00e9brations sur <a href=\"https:\/\/messes.info\/\/horaires\/13440?limit=19\">www.messes.info<\/a><\/p>\n<\/div>\n","protected":false},"excerpt":{"rendered":"<p>Retrouvez tous les horaires des c\u00e9l\u00e9brations sur www.messes.info<\/p>\n","protected":false},"author":1,"featured_media":0,"parent":0,"menu_order":0,"comment_status":"closed","ping_status":"closed","template":"","meta":{"footnotes":""},"class_list":["post-224","page","type-page","status-publish","hentry"],"yoast_head":"<!-- This site is optimized with the Yoast SEO plugin v27.5 - https:\/\/yoast.com\/product\/yoast-seo-wordpress\/ -->\n<title>Horaires des messes de l&#039;UP - Chapelle Saint-Michel \u00e0 Cabannes<\/title>\n<meta name=\"robots\" content=\"index, follow, max-snippet:-1, max-image-preview:large, max-video-preview:-1\" \/>\n<link rel=\"canonical\" href=\"https:\/\/www.chapelle-saintmichel-provence.fr\/archange\/horaires-messes-de-lup\/\" \/>\n<meta property=\"og:locale\" content=\"fr_FR\" \/>\n<meta property=\"og:type\" content=\"article\" \/>\n<meta property=\"og:title\" content=\"Horaires des messes de l&#039;UP - Chapelle Saint-Michel \u00e0 Cabannes\" \/>\n<meta property=\"og:description\" content=\"Retrouvez tous les horaires des c\u00e9l\u00e9brations sur www.messes.info\" \/>\n<meta property=\"og:url\" content=\"https:\/\/www.chapelle-saintmichel-provence.fr\/archange\/horaires-messes-de-lup\/\" \/>\n<meta property=\"og:site_name\" content=\"Chapelle Saint-Michel \u00e0 Cabannes\" \/>\n<meta property=\"article:modified_time\" content=\"2025-07-29T17:19:41+00:00\" \/>\n<meta name=\"twitter:card\" content=\"summary_large_image\" \/>\n<meta name=\"twitter:label1\" content=\"Dur\u00e9e de lecture estim\u00e9e\" \/>\n\t<meta name=\"twitter:data1\" content=\"1 minute\" \/>\n<script type=\"application\/ld+json\" class=\"yoast-schema-graph\">{\"@context\":\"https:\\\/\\\/schema.org\",\"@graph\":[{\"@type\":\"WebPage\",\"@id\":\"https:\\\/\\\/www.chapelle-saintmichel-provence.fr\\\/archange\\\/horaires-messes-de-lup\\\/\",\"url\":\"https:\\\/\\\/www.chapelle-saintmichel-provence.fr\\\/archange\\\/horaires-messes-de-lup\\\/\",\"name\":\"Horaires des messes de l'UP - Chapelle Saint-Michel \u00e0 Cabannes\",\"isPartOf\":{\"@id\":\"http:\\\/\\\/www.chapelle-saintmichel-provence.fr\\\/archange\\\/#website\"},\"datePublished\":\"2016-10-25T13:15:36+00:00\",\"dateModified\":\"2025-07-29T17:19:41+00:00\",\"breadcrumb\":{\"@id\":\"https:\\\/\\\/www.chapelle-saintmichel-provence.fr\\\/archange\\\/horaires-messes-de-lup\\\/#breadcrumb\"},\"inLanguage\":\"fr-FR\",\"potentialAction\":[{\"@type\":\"ReadAction\",\"target\":[\"https:\\\/\\\/www.chapelle-saintmichel-provence.fr\\\/archange\\\/horaires-messes-de-lup\\\/\"]}]},{\"@type\":\"BreadcrumbList\",\"@id\":\"https:\\\/\\\/www.chapelle-saintmichel-provence.fr\\\/archange\\\/horaires-messes-de-lup\\\/#breadcrumb\",\"itemListElement\":[{\"@type\":\"ListItem\",\"position\":1,\"name\":\"Accueil\",\"item\":\"http:\\\/\\\/www.chapelle-saintmichel-provence.fr\\\/archange\\\/\"},{\"@type\":\"ListItem\",\"position\":2,\"name\":\"Horaires des messes de l&rsquo;UP\"}]},{\"@type\":\"WebSite\",\"@id\":\"http:\\\/\\\/www.chapelle-saintmichel-provence.fr\\\/archange\\\/#website\",\"url\":\"http:\\\/\\\/www.chapelle-saintmichel-provence.fr\\\/archange\\\/\",\"name\":\"Chapelle Saint-Michel \u00e0 Cabannes\",\"description\":\"Association Les amis de Saint Michel\",\"potentialAction\":[{\"@type\":\"SearchAction\",\"target\":{\"@type\":\"EntryPoint\",\"urlTemplate\":\"http:\\\/\\\/www.chapelle-saintmichel-provence.fr\\\/archange\\\/?s={search_term_string}\"},\"query-input\":{\"@type\":\"PropertyValueSpecification\",\"valueRequired\":true,\"valueName\":\"search_term_string\"}}],\"inLanguage\":\"fr-FR\"}]}<\/script>\n<!-- \/ Yoast SEO plugin. -->","yoast_head_json":{"title":"Horaires des messes de l'UP - Chapelle Saint-Michel \u00e0 Cabannes","robots":{"index":"index","follow":"follow","max-snippet":"max-snippet:-1","max-image-preview":"max-image-preview:large","max-video-preview":"max-video-preview:-1"},"canonical":"https:\/\/www.chapelle-saintmichel-provence.fr\/archange\/horaires-messes-de-lup\/","og_locale":"fr_FR","og_type":"article","og_title":"Horaires des messes de l'UP - Chapelle Saint-Michel \u00e0 Cabannes","og_description":"Retrouvez tous les horaires des c\u00e9l\u00e9brations sur www.messes.info","og_url":"https:\/\/www.chapelle-saintmichel-provence.fr\/archange\/horaires-messes-de-lup\/","og_site_name":"Chapelle Saint-Michel \u00e0 Cabannes","article_modified_time":"2025-07-29T17:19:41+00:00","twitter_card":"summary_large_image","twitter_misc":{"Dur\u00e9e de lecture estim\u00e9e":"1 minute"},"schema":{"@context":"https:\/\/schema.org","@graph":[{"@type":"WebPage","@id":"https:\/\/www.chapelle-saintmichel-provence.fr\/archange\/horaires-messes-de-lup\/","url":"https:\/\/www.chapelle-saintmichel-provence.fr\/archange\/horaires-messes-de-lup\/","name":"Horaires des messes de l'UP - Chapelle Saint-Michel \u00e0 Cabannes","isPartOf":{"@id":"http:\/\/www.chapelle-saintmichel-provence.fr\/archange\/#website"},"datePublished":"2016-10-25T13:15:36+00:00","dateModified":"2025-07-29T17:19:41+00:00","breadcrumb":{"@id":"https:\/\/www.chapelle-saintmichel-provence.fr\/archange\/horaires-messes-de-lup\/#breadcrumb"},"inLanguage":"fr-FR","potentialAction":[{"@type":"ReadAction","target":["https:\/\/www.chapelle-saintmichel-provence.fr\/archange\/horaires-messes-de-lup\/"]}]},{"@type":"BreadcrumbList","@id":"https:\/\/www.chapelle-saintmichel-provence.fr\/archange\/horaires-messes-de-lup\/#breadcrumb","itemListElement":[{"@type":"ListItem","position":1,"name":"Accueil","item":"http:\/\/www.chapelle-saintmichel-provence.fr\/archange\/"},{"@type":"ListItem","position":2,"name":"Horaires des messes de l&rsquo;UP"}]},{"@type":"WebSite","@id":"http:\/\/www.chapelle-saintmichel-provence.fr\/archange\/#website","url":"http:\/\/www.chapelle-saintmichel-provence.fr\/archange\/","name":"Chapelle Saint-Michel \u00e0 Cabannes","description":"Association Les amis de Saint Michel","potentialAction":[{"@type":"SearchAction","target":{"@type":"EntryPoint","urlTemplate":"http:\/\/www.chapelle-saintmichel-provence.fr\/archange\/?s={search_term_string}"},"query-input":{"@type":"PropertyValueSpecification","valueRequired":true,"valueName":"search_term_string"}}],"inLanguage":"fr-FR"}]}},"_links":{"self":[{"href":"https:\/\/www.chapelle-saintmichel-provence.fr\/archange\/wp-json\/wp\/v2\/pages\/224","targetHints":{"allow":["GET"]}}],"collection":[{"href":"https:\/\/www.chapelle-saintmichel-provence.fr\/archange\/wp-json\/wp\/v2\/pages"}],"about":[{"href":"https:\/\/www.chapelle-saintmichel-provence.fr\/archange\/wp-json\/wp\/v2\/types\/page"}],"author":[{"embeddable":true,"href":"https:\/\/www.chapelle-saintmichel-provence.fr\/archange\/wp-json\/wp\/v2\/users\/1"}],"replies":[{"embeddable":true,"href":"https:\/\/www.chapelle-saintmichel-provence.fr\/archange\/wp-json\/wp\/v2\/comments?post=224"}],"version-history":[{"count":149,"href":"https:\/\/www.chapelle-saintmichel-provence.fr\/archange\/wp-json\/wp\/v2\/pages\/224\/revisions"}],"predecessor-version":[{"id":566,"href":"https:\/\/www.chapelle-saintmichel-provence.fr\/archange\/wp-json\/wp\/v2\/pages\/224\/revisions\/566"}],"wp:attachment":[{"href":"https:\/\/www.chapelle-saintmichel-provence.fr\/archange\/wp-json\/wp\/v2\/media?parent=224"}],"curies":[{"name":"wp","href":"https:\/\/api.w.org\/{rel}","templated":true}]}}