{"id":184,"date":"2016-05-22T18:15:27","date_gmt":"2016-05-22T17:15:27","guid":{"rendered":"http:\/\/www.chapelle-saintmichel-provence.fr\/archange\/?page_id=184"},"modified":"2016-05-22T18:16:44","modified_gmt":"2016-05-22T17:16:44","slug":"prieres-et-poemes","status":"publish","type":"page","link":"https:\/\/www.chapelle-saintmichel-provence.fr\/archange\/prieres-et-poemes\/","title":{"rendered":"Pri\u00e8res et Po\u00e8mes"},"content":{"rendered":"<p style=\"text-align: center;\">PRIERE A SAINT MICHEL<\/p>\n<p style=\"text-align: center;\">&#8212;&#8212;&#8212;&#8212;&#8212;<\/p>\n<p style=\"text-align: center;\">Saint Michel Archange, d\u00e9fendez-nous dans le combat ; soyez notre secours contre la malice et les emb\u00fbches du d\u00e9mon. Que Dieu exerce sur lui son empire, nous le demandons en suppliant : et vous prince de la milice c\u00e9leste, repoussez en enfer, par la vertu divine, Satan et les autres esprits mauvais qui errent dans le monde pour la perte des \u00e2mes. Ainsi soit-il.<\/p>\n<p style=\"text-align: center;\">\n<p style=\"text-align: center;\">___________________________________________________________________________<\/p>\n<p style=\"text-align: center;\"><img loading=\"lazy\" decoding=\"async\" class=\"alignnone wp-image-186\" src=\"http:\/\/www.chapelle-saintmichel-provence.fr\/archange\/wp-content\/uploads\/Capture-256x300.png\" alt=\"Capture\" width=\"369\" height=\"432\" srcset=\"https:\/\/www.chapelle-saintmichel-provence.fr\/archange\/wp-content\/uploads\/Capture-256x300.png 256w, https:\/\/www.chapelle-saintmichel-provence.fr\/archange\/wp-content\/uploads\/Capture.png 502w\" sizes=\"auto, (max-width: 369px) 100vw, 369px\" \/><\/p>\n","protected":false},"excerpt":{"rendered":"<p>PRIERE A SAINT MICHEL &#8212;&#8212;&#8212;&#8212;&#8212; Saint Michel Archange, d\u00e9fendez-nous dans le combat ; soyez notre secours contre la malice et les emb\u00fbches du d\u00e9mon. Que Dieu exerce sur lui son empire, nous le demandons en suppliant : et vous prince de la milice c\u00e9leste, repoussez en enfer, par la vertu divine, Satan et les autres &hellip; <a href=\"https:\/\/www.chapelle-saintmichel-provence.fr\/archange\/prieres-et-poemes\/\" class=\"more-link\">Continuer la lecture de <span class=\"screen-reader-text\">Pri\u00e8res et Po\u00e8mes<\/span> <span class=\"meta-nav\">&rarr;<\/span><\/a><\/p>\n","protected":false},"author":1,"featured_media":0,"parent":0,"menu_order":0,"comment_status":"closed","ping_status":"closed","template":"","meta":{"footnotes":""},"class_list":["post-184","page","type-page","status-publish","hentry"],"yoast_head":"<!-- This site is optimized with the Yoast SEO plugin v27.4 - https:\/\/yoast.com\/product\/yoast-seo-wordpress\/ -->\n<title>Pri\u00e8res et Po\u00e8mes - Chapelle Saint-Michel \u00e0 Cabannes<\/title>\n<meta name=\"robots\" content=\"index, follow, max-snippet:-1, max-image-preview:large, max-video-preview:-1\" \/>\n<link rel=\"canonical\" href=\"https:\/\/www.chapelle-saintmichel-provence.fr\/archange\/prieres-et-poemes\/\" \/>\n<meta property=\"og:locale\" content=\"fr_FR\" \/>\n<meta property=\"og:type\" content=\"article\" \/>\n<meta property=\"og:title\" content=\"Pri\u00e8res et Po\u00e8mes - Chapelle Saint-Michel \u00e0 Cabannes\" \/>\n<meta property=\"og:description\" content=\"PRIERE A SAINT MICHEL &#8212;&#8212;&#8212;&#8212;&#8212; Saint Michel Archange, d\u00e9fendez-nous dans le combat ; soyez notre secours contre la malice et les emb\u00fbches du d\u00e9mon. Que Dieu exerce sur lui son empire, nous le demandons en suppliant : et vous prince de la milice c\u00e9leste, repoussez en enfer, par la vertu divine, Satan et les autres &hellip; Continuer la lecture de Pri\u00e8res et Po\u00e8mes &rarr;\" \/>\n<meta property=\"og:url\" content=\"https:\/\/www.chapelle-saintmichel-provence.fr\/archange\/prieres-et-poemes\/\" \/>\n<meta property=\"og:site_name\" content=\"Chapelle Saint-Michel \u00e0 Cabannes\" \/>\n<meta property=\"article:modified_time\" content=\"2016-05-22T17:16:44+00:00\" \/>\n<meta property=\"og:image\" content=\"http:\/\/www.chapelle-saintmichel-provence.fr\/archange\/wp-content\/uploads\/Capture-256x300.png\" \/>\n<meta name=\"twitter:card\" content=\"summary_large_image\" \/>\n<script type=\"application\/ld+json\" class=\"yoast-schema-graph\">{\"@context\":\"https:\\\/\\\/schema.org\",\"@graph\":[{\"@type\":\"WebPage\",\"@id\":\"https:\\\/\\\/www.chapelle-saintmichel-provence.fr\\\/archange\\\/prieres-et-poemes\\\/\",\"url\":\"https:\\\/\\\/www.chapelle-saintmichel-provence.fr\\\/archange\\\/prieres-et-poemes\\\/\",\"name\":\"Pri\u00e8res et Po\u00e8mes - Chapelle Saint-Michel \u00e0 Cabannes\",\"isPartOf\":{\"@id\":\"https:\\\/\\\/www.chapelle-saintmichel-provence.fr\\\/archange\\\/#website\"},\"primaryImageOfPage\":{\"@id\":\"https:\\\/\\\/www.chapelle-saintmichel-provence.fr\\\/archange\\\/prieres-et-poemes\\\/#primaryimage\"},\"image\":{\"@id\":\"https:\\\/\\\/www.chapelle-saintmichel-provence.fr\\\/archange\\\/prieres-et-poemes\\\/#primaryimage\"},\"thumbnailUrl\":\"http:\\\/\\\/www.chapelle-saintmichel-provence.fr\\\/archange\\\/wp-content\\\/uploads\\\/Capture-256x300.png\",\"datePublished\":\"2016-05-22T17:15:27+00:00\",\"dateModified\":\"2016-05-22T17:16:44+00:00\",\"breadcrumb\":{\"@id\":\"https:\\\/\\\/www.chapelle-saintmichel-provence.fr\\\/archange\\\/prieres-et-poemes\\\/#breadcrumb\"},\"inLanguage\":\"fr-FR\",\"potentialAction\":[{\"@type\":\"ReadAction\",\"target\":[\"https:\\\/\\\/www.chapelle-saintmichel-provence.fr\\\/archange\\\/prieres-et-poemes\\\/\"]}]},{\"@type\":\"ImageObject\",\"inLanguage\":\"fr-FR\",\"@id\":\"https:\\\/\\\/www.chapelle-saintmichel-provence.fr\\\/archange\\\/prieres-et-poemes\\\/#primaryimage\",\"url\":\"https:\\\/\\\/www.chapelle-saintmichel-provence.fr\\\/archange\\\/wp-content\\\/uploads\\\/Capture.png\",\"contentUrl\":\"https:\\\/\\\/www.chapelle-saintmichel-provence.fr\\\/archange\\\/wp-content\\\/uploads\\\/Capture.png\",\"width\":502,\"height\":588},{\"@type\":\"BreadcrumbList\",\"@id\":\"https:\\\/\\\/www.chapelle-saintmichel-provence.fr\\\/archange\\\/prieres-et-poemes\\\/#breadcrumb\",\"itemListElement\":[{\"@type\":\"ListItem\",\"position\":1,\"name\":\"Accueil\",\"item\":\"https:\\\/\\\/www.chapelle-saintmichel-provence.fr\\\/archange\\\/\"},{\"@type\":\"ListItem\",\"position\":2,\"name\":\"Pri\u00e8res et Po\u00e8mes\"}]},{\"@type\":\"WebSite\",\"@id\":\"https:\\\/\\\/www.chapelle-saintmichel-provence.fr\\\/archange\\\/#website\",\"url\":\"https:\\\/\\\/www.chapelle-saintmichel-provence.fr\\\/archange\\\/\",\"name\":\"Chapelle Saint-Michel \u00e0 Cabannes\",\"description\":\"Association Les amis de Saint Michel\",\"potentialAction\":[{\"@type\":\"SearchAction\",\"target\":{\"@type\":\"EntryPoint\",\"urlTemplate\":\"https:\\\/\\\/www.chapelle-saintmichel-provence.fr\\\/archange\\\/?s={search_term_string}\"},\"query-input\":{\"@type\":\"PropertyValueSpecification\",\"valueRequired\":true,\"valueName\":\"search_term_string\"}}],\"inLanguage\":\"fr-FR\"}]}<\/script>\n<!-- \/ Yoast SEO plugin. -->","yoast_head_json":{"title":"Pri\u00e8res et Po\u00e8mes - Chapelle Saint-Michel \u00e0 Cabannes","robots":{"index":"index","follow":"follow","max-snippet":"max-snippet:-1","max-image-preview":"max-image-preview:large","max-video-preview":"max-video-preview:-1"},"canonical":"https:\/\/www.chapelle-saintmichel-provence.fr\/archange\/prieres-et-poemes\/","og_locale":"fr_FR","og_type":"article","og_title":"Pri\u00e8res et Po\u00e8mes - Chapelle Saint-Michel \u00e0 Cabannes","og_description":"PRIERE A SAINT MICHEL &#8212;&#8212;&#8212;&#8212;&#8212; Saint Michel Archange, d\u00e9fendez-nous dans le combat ; soyez notre secours contre la malice et les emb\u00fbches du d\u00e9mon. Que Dieu exerce sur lui son empire, nous le demandons en suppliant : et vous prince de la milice c\u00e9leste, repoussez en enfer, par la vertu divine, Satan et les autres &hellip; Continuer la lecture de Pri\u00e8res et Po\u00e8mes &rarr;","og_url":"https:\/\/www.chapelle-saintmichel-provence.fr\/archange\/prieres-et-poemes\/","og_site_name":"Chapelle Saint-Michel \u00e0 Cabannes","article_modified_time":"2016-05-22T17:16:44+00:00","og_image":[{"url":"http:\/\/www.chapelle-saintmichel-provence.fr\/archange\/wp-content\/uploads\/Capture-256x300.png","type":"","width":"","height":""}],"twitter_card":"summary_large_image","schema":{"@context":"https:\/\/schema.org","@graph":[{"@type":"WebPage","@id":"https:\/\/www.chapelle-saintmichel-provence.fr\/archange\/prieres-et-poemes\/","url":"https:\/\/www.chapelle-saintmichel-provence.fr\/archange\/prieres-et-poemes\/","name":"Pri\u00e8res et Po\u00e8mes - Chapelle Saint-Michel \u00e0 Cabannes","isPartOf":{"@id":"https:\/\/www.chapelle-saintmichel-provence.fr\/archange\/#website"},"primaryImageOfPage":{"@id":"https:\/\/www.chapelle-saintmichel-provence.fr\/archange\/prieres-et-poemes\/#primaryimage"},"image":{"@id":"https:\/\/www.chapelle-saintmichel-provence.fr\/archange\/prieres-et-poemes\/#primaryimage"},"thumbnailUrl":"http:\/\/www.chapelle-saintmichel-provence.fr\/archange\/wp-content\/uploads\/Capture-256x300.png","datePublished":"2016-05-22T17:15:27+00:00","dateModified":"2016-05-22T17:16:44+00:00","breadcrumb":{"@id":"https:\/\/www.chapelle-saintmichel-provence.fr\/archange\/prieres-et-poemes\/#breadcrumb"},"inLanguage":"fr-FR","potentialAction":[{"@type":"ReadAction","target":["https:\/\/www.chapelle-saintmichel-provence.fr\/archange\/prieres-et-poemes\/"]}]},{"@type":"ImageObject","inLanguage":"fr-FR","@id":"https:\/\/www.chapelle-saintmichel-provence.fr\/archange\/prieres-et-poemes\/#primaryimage","url":"https:\/\/www.chapelle-saintmichel-provence.fr\/archange\/wp-content\/uploads\/Capture.png","contentUrl":"https:\/\/www.chapelle-saintmichel-provence.fr\/archange\/wp-content\/uploads\/Capture.png","width":502,"height":588},{"@type":"BreadcrumbList","@id":"https:\/\/www.chapelle-saintmichel-provence.fr\/archange\/prieres-et-poemes\/#breadcrumb","itemListElement":[{"@type":"ListItem","position":1,"name":"Accueil","item":"https:\/\/www.chapelle-saintmichel-provence.fr\/archange\/"},{"@type":"ListItem","position":2,"name":"Pri\u00e8res et Po\u00e8mes"}]},{"@type":"WebSite","@id":"https:\/\/www.chapelle-saintmichel-provence.fr\/archange\/#website","url":"https:\/\/www.chapelle-saintmichel-provence.fr\/archange\/","name":"Chapelle Saint-Michel \u00e0 Cabannes","description":"Association Les amis de Saint Michel","potentialAction":[{"@type":"SearchAction","target":{"@type":"EntryPoint","urlTemplate":"https:\/\/www.chapelle-saintmichel-provence.fr\/archange\/?s={search_term_string}"},"query-input":{"@type":"PropertyValueSpecification","valueRequired":true,"valueName":"search_term_string"}}],"inLanguage":"fr-FR"}]}},"_links":{"self":[{"href":"https:\/\/www.chapelle-saintmichel-provence.fr\/archange\/wp-json\/wp\/v2\/pages\/184","targetHints":{"allow":["GET"]}}],"collection":[{"href":"https:\/\/www.chapelle-saintmichel-provence.fr\/archange\/wp-json\/wp\/v2\/pages"}],"about":[{"href":"https:\/\/www.chapelle-saintmichel-provence.fr\/archange\/wp-json\/wp\/v2\/types\/page"}],"author":[{"embeddable":true,"href":"https:\/\/www.chapelle-saintmichel-provence.fr\/archange\/wp-json\/wp\/v2\/users\/1"}],"replies":[{"embeddable":true,"href":"https:\/\/www.chapelle-saintmichel-provence.fr\/archange\/wp-json\/wp\/v2\/comments?post=184"}],"version-history":[{"count":2,"href":"https:\/\/www.chapelle-saintmichel-provence.fr\/archange\/wp-json\/wp\/v2\/pages\/184\/revisions"}],"predecessor-version":[{"id":189,"href":"https:\/\/www.chapelle-saintmichel-provence.fr\/archange\/wp-json\/wp\/v2\/pages\/184\/revisions\/189"}],"wp:attachment":[{"href":"https:\/\/www.chapelle-saintmichel-provence.fr\/archange\/wp-json\/wp\/v2\/media?parent=184"}],"curies":[{"name":"wp","href":"https:\/\/api.w.org\/{rel}","templated":true}]}}