{"id":13,"date":"2016-03-15T19:02:09","date_gmt":"2016-03-15T18:02:09","guid":{"rendered":"http:\/\/www.chapelle-saintmichel-provence.fr\/archange\/?page_id=13"},"modified":"2021-01-04T11:13:21","modified_gmt":"2021-01-04T10:13:21","slug":"vie-dun-lieu-de-culte","status":"publish","type":"page","link":"https:\/\/www.chapelle-saintmichel-provence.fr\/archange\/vie-dun-lieu-de-culte\/","title":{"rendered":"Vie d\u2019un lieu de culte"},"content":{"rendered":"<h5 style=\"text-align: center;\">En raison du Covid-19 l&rsquo;Assembl\u00e9e G\u00e9n\u00e9rale n&rsquo;a pu avoir lieu.<\/h5>\n<h5 style=\"text-align: center;\">Prochaine Assembl\u00e9 G\u00e9n\u00e9rale sauf contre indication ou reprise de l&rsquo;\u00e9pid\u00e9mie :<\/h5>\n<h5 style=\"text-align: center;\"><span style=\"color: #ff0000;\">Dernier vendredi de F\u00e9vrier 2021<\/span><\/h5>\n","protected":false},"excerpt":{"rendered":"<p>En raison du Covid-19 l&rsquo;Assembl\u00e9e G\u00e9n\u00e9rale n&rsquo;a pu avoir lieu. Prochaine Assembl\u00e9 G\u00e9n\u00e9rale sauf contre indication ou reprise de l&rsquo;\u00e9pid\u00e9mie : Dernier vendredi de F\u00e9vrier 2021<\/p>\n","protected":false},"author":1,"featured_media":0,"parent":0,"menu_order":15,"comment_status":"closed","ping_status":"closed","template":"","meta":{"footnotes":""},"class_list":["post-13","page","type-page","status-publish","hentry"],"yoast_head":"<!-- This site is optimized with the Yoast SEO plugin v27.4 - https:\/\/yoast.com\/product\/yoast-seo-wordpress\/ -->\n<title>Vie d\u2019un lieu de culte - Chapelle Saint-Michel \u00e0 Cabannes<\/title>\n<meta name=\"robots\" content=\"index, follow, max-snippet:-1, max-image-preview:large, max-video-preview:-1\" \/>\n<link rel=\"canonical\" href=\"http:\/\/www.chapelle-saintmichel-provence.fr\/archange\/vie-dun-lieu-de-culte\/\" \/>\n<meta property=\"og:locale\" content=\"fr_FR\" \/>\n<meta property=\"og:type\" content=\"article\" \/>\n<meta property=\"og:title\" content=\"Vie d\u2019un lieu de culte - Chapelle Saint-Michel \u00e0 Cabannes\" \/>\n<meta property=\"og:description\" content=\"En raison du Covid-19 l&rsquo;Assembl\u00e9e G\u00e9n\u00e9rale n&rsquo;a pu avoir lieu. Prochaine Assembl\u00e9 G\u00e9n\u00e9rale sauf contre indication ou reprise de l&rsquo;\u00e9pid\u00e9mie : Dernier vendredi de F\u00e9vrier 2021\" \/>\n<meta property=\"og:url\" content=\"http:\/\/www.chapelle-saintmichel-provence.fr\/archange\/vie-dun-lieu-de-culte\/\" \/>\n<meta property=\"og:site_name\" content=\"Chapelle Saint-Michel \u00e0 Cabannes\" \/>\n<meta property=\"article:modified_time\" content=\"2021-01-04T10:13:21+00:00\" \/>\n<meta name=\"twitter:card\" content=\"summary_large_image\" \/>\n<script type=\"application\/ld+json\" class=\"yoast-schema-graph\">{\"@context\":\"https:\\\/\\\/schema.org\",\"@graph\":[{\"@type\":\"WebPage\",\"@id\":\"http:\\\/\\\/www.chapelle-saintmichel-provence.fr\\\/archange\\\/vie-dun-lieu-de-culte\\\/\",\"url\":\"http:\\\/\\\/www.chapelle-saintmichel-provence.fr\\\/archange\\\/vie-dun-lieu-de-culte\\\/\",\"name\":\"Vie d\u2019un lieu de culte - Chapelle Saint-Michel \u00e0 Cabannes\",\"isPartOf\":{\"@id\":\"https:\\\/\\\/www.chapelle-saintmichel-provence.fr\\\/archange\\\/#website\"},\"datePublished\":\"2016-03-15T18:02:09+00:00\",\"dateModified\":\"2021-01-04T10:13:21+00:00\",\"breadcrumb\":{\"@id\":\"http:\\\/\\\/www.chapelle-saintmichel-provence.fr\\\/archange\\\/vie-dun-lieu-de-culte\\\/#breadcrumb\"},\"inLanguage\":\"fr-FR\",\"potentialAction\":[{\"@type\":\"ReadAction\",\"target\":[\"http:\\\/\\\/www.chapelle-saintmichel-provence.fr\\\/archange\\\/vie-dun-lieu-de-culte\\\/\"]}]},{\"@type\":\"BreadcrumbList\",\"@id\":\"http:\\\/\\\/www.chapelle-saintmichel-provence.fr\\\/archange\\\/vie-dun-lieu-de-culte\\\/#breadcrumb\",\"itemListElement\":[{\"@type\":\"ListItem\",\"position\":1,\"name\":\"Accueil\",\"item\":\"https:\\\/\\\/www.chapelle-saintmichel-provence.fr\\\/archange\\\/\"},{\"@type\":\"ListItem\",\"position\":2,\"name\":\"Vie d\u2019un lieu de culte\"}]},{\"@type\":\"WebSite\",\"@id\":\"https:\\\/\\\/www.chapelle-saintmichel-provence.fr\\\/archange\\\/#website\",\"url\":\"https:\\\/\\\/www.chapelle-saintmichel-provence.fr\\\/archange\\\/\",\"name\":\"Chapelle Saint-Michel \u00e0 Cabannes\",\"description\":\"Association Les amis de Saint Michel\",\"potentialAction\":[{\"@type\":\"SearchAction\",\"target\":{\"@type\":\"EntryPoint\",\"urlTemplate\":\"https:\\\/\\\/www.chapelle-saintmichel-provence.fr\\\/archange\\\/?s={search_term_string}\"},\"query-input\":{\"@type\":\"PropertyValueSpecification\",\"valueRequired\":true,\"valueName\":\"search_term_string\"}}],\"inLanguage\":\"fr-FR\"}]}<\/script>\n<!-- \/ Yoast SEO plugin. -->","yoast_head_json":{"title":"Vie d\u2019un lieu de culte - Chapelle Saint-Michel \u00e0 Cabannes","robots":{"index":"index","follow":"follow","max-snippet":"max-snippet:-1","max-image-preview":"max-image-preview:large","max-video-preview":"max-video-preview:-1"},"canonical":"http:\/\/www.chapelle-saintmichel-provence.fr\/archange\/vie-dun-lieu-de-culte\/","og_locale":"fr_FR","og_type":"article","og_title":"Vie d\u2019un lieu de culte - Chapelle Saint-Michel \u00e0 Cabannes","og_description":"En raison du Covid-19 l&rsquo;Assembl\u00e9e G\u00e9n\u00e9rale n&rsquo;a pu avoir lieu. Prochaine Assembl\u00e9 G\u00e9n\u00e9rale sauf contre indication ou reprise de l&rsquo;\u00e9pid\u00e9mie : Dernier vendredi de F\u00e9vrier 2021","og_url":"http:\/\/www.chapelle-saintmichel-provence.fr\/archange\/vie-dun-lieu-de-culte\/","og_site_name":"Chapelle Saint-Michel \u00e0 Cabannes","article_modified_time":"2021-01-04T10:13:21+00:00","twitter_card":"summary_large_image","schema":{"@context":"https:\/\/schema.org","@graph":[{"@type":"WebPage","@id":"http:\/\/www.chapelle-saintmichel-provence.fr\/archange\/vie-dun-lieu-de-culte\/","url":"http:\/\/www.chapelle-saintmichel-provence.fr\/archange\/vie-dun-lieu-de-culte\/","name":"Vie d\u2019un lieu de culte - Chapelle Saint-Michel \u00e0 Cabannes","isPartOf":{"@id":"https:\/\/www.chapelle-saintmichel-provence.fr\/archange\/#website"},"datePublished":"2016-03-15T18:02:09+00:00","dateModified":"2021-01-04T10:13:21+00:00","breadcrumb":{"@id":"http:\/\/www.chapelle-saintmichel-provence.fr\/archange\/vie-dun-lieu-de-culte\/#breadcrumb"},"inLanguage":"fr-FR","potentialAction":[{"@type":"ReadAction","target":["http:\/\/www.chapelle-saintmichel-provence.fr\/archange\/vie-dun-lieu-de-culte\/"]}]},{"@type":"BreadcrumbList","@id":"http:\/\/www.chapelle-saintmichel-provence.fr\/archange\/vie-dun-lieu-de-culte\/#breadcrumb","itemListElement":[{"@type":"ListItem","position":1,"name":"Accueil","item":"https:\/\/www.chapelle-saintmichel-provence.fr\/archange\/"},{"@type":"ListItem","position":2,"name":"Vie d\u2019un lieu de culte"}]},{"@type":"WebSite","@id":"https:\/\/www.chapelle-saintmichel-provence.fr\/archange\/#website","url":"https:\/\/www.chapelle-saintmichel-provence.fr\/archange\/","name":"Chapelle Saint-Michel \u00e0 Cabannes","description":"Association Les amis de Saint Michel","potentialAction":[{"@type":"SearchAction","target":{"@type":"EntryPoint","urlTemplate":"https:\/\/www.chapelle-saintmichel-provence.fr\/archange\/?s={search_term_string}"},"query-input":{"@type":"PropertyValueSpecification","valueRequired":true,"valueName":"search_term_string"}}],"inLanguage":"fr-FR"}]}},"_links":{"self":[{"href":"https:\/\/www.chapelle-saintmichel-provence.fr\/archange\/wp-json\/wp\/v2\/pages\/13","targetHints":{"allow":["GET"]}}],"collection":[{"href":"https:\/\/www.chapelle-saintmichel-provence.fr\/archange\/wp-json\/wp\/v2\/pages"}],"about":[{"href":"https:\/\/www.chapelle-saintmichel-provence.fr\/archange\/wp-json\/wp\/v2\/types\/page"}],"author":[{"embeddable":true,"href":"https:\/\/www.chapelle-saintmichel-provence.fr\/archange\/wp-json\/wp\/v2\/users\/1"}],"replies":[{"embeddable":true,"href":"https:\/\/www.chapelle-saintmichel-provence.fr\/archange\/wp-json\/wp\/v2\/comments?post=13"}],"version-history":[{"count":4,"href":"https:\/\/www.chapelle-saintmichel-provence.fr\/archange\/wp-json\/wp\/v2\/pages\/13\/revisions"}],"predecessor-version":[{"id":492,"href":"https:\/\/www.chapelle-saintmichel-provence.fr\/archange\/wp-json\/wp\/v2\/pages\/13\/revisions\/492"}],"wp:attachment":[{"href":"https:\/\/www.chapelle-saintmichel-provence.fr\/archange\/wp-json\/wp\/v2\/media?parent=13"}],"curies":[{"name":"wp","href":"https:\/\/api.w.org\/{rel}","templated":true}]}}