{"id":103,"date":"2016-03-25T16:51:10","date_gmt":"2016-03-25T15:51:10","guid":{"rendered":"http:\/\/www.chapelle-saintmichel-provence.fr\/archange\/?page_id=103"},"modified":"2025-07-29T18:46:40","modified_gmt":"2025-07-29T17:46:40","slug":"nos-liens-partenaires-2","status":"publish","type":"page","link":"https:\/\/www.chapelle-saintmichel-provence.fr\/archange\/vie-dun-lieu-de-culte\/nos-liens-partenaires-2\/","title":{"rendered":"Nos liens et partenaires"},"content":{"rendered":"<p>Unit\u00e9 Pastorale Saint Andiol (Email seulement)<br \/>\n<a href=\"mailto:cesairepastorale@yahoo.fr\">cesairepastorale@yahoo.fr<\/a><\/p>\n<p>Ensemble\u00a0Pastorale\u00a0 Saint Andiol Saint Remy<br \/>\n<a href=\"http:\/\/upsaintremy.free.fr\/\">http:\/\/upsaintremy.free.fr\/<\/a><\/p>\n<p>Dioc\u00e8se d\u2019Aix<br \/>\n<a href=\"https:\/\/www.catho-aixarles.fr\/\">https:\/\/www.catho-aixarles.fr\/<\/a><\/p>\n<p>Saint Michel de Frigolet<br \/>\n<a href=\"http:\/\/www.frigolet.com\/\">http:\/\/www.frigolet.com\/<\/a><\/p>\n<p>Ville de Cabannes<br \/>\n<a href=\"https:\/\/mairie-cabannes.fr\/fr\">https:\/\/mairie-cabannes.fr\/fr<\/a><\/p>\n<p>Les Amis de L\u2019Orgue de Cabannes<\/p>\n<p><a href=\"https:\/\/www.facebook.com\/orgue.de.cabannes\/\">https:\/\/www.facebook.com\/orgue.de.cabannes\/<\/a><\/p>\n<p>Ecole Sainte Madeleine<br \/>\n<a href=\"http:\/\/saintemadeleine.fr\/\">http:\/\/saintemadeleine.fr\/<\/a><\/p>\n<p><strong>Pour visite de la Chapelle tel: 07 66 04 31 05<br \/>\nContact : <a href=\"mailto:girard1940@gmail.com\">girard1940@gmail.com<\/a><br \/>\n<\/strong><\/p>\n<p><strong>Pour vous loger : <\/strong><ins><strong><a href=\"https:\/\/provence-alpes-cotedazur.com\/sejourner\/hebergements\/tous-les-hebergements\/gites-et-locations\/au-mas-saint-pierre-cabannes-fr-3337953\/\">https:\/\/provence-alpes-cotedazur.com\/sejourner\/hebergements\/tous-les-hebergements\/gites-et-locations\/au-mas-saint-pierre-cabannes-fr-3337953\/<\/a><\/strong><\/ins><\/p>\n","protected":false},"excerpt":{"rendered":"<p>Unit\u00e9 Pastorale Saint Andiol (Email seulement) cesairepastorale@yahoo.fr Ensemble\u00a0Pastorale\u00a0 Saint Andiol Saint Remy http:\/\/upsaintremy.free.fr\/ Dioc\u00e8se d\u2019Aix https:\/\/www.catho-aixarles.fr\/ Saint Michel de Frigolet http:\/\/www.frigolet.com\/ Ville de Cabannes https:\/\/mairie-cabannes.fr\/fr Les Amis de L\u2019Orgue de Cabannes https:\/\/www.facebook.com\/orgue.de.cabannes\/ Ecole Sainte Madeleine http:\/\/saintemadeleine.fr\/ Pour visite de la Chapelle tel: 07 66 04 31 05 Contact : girard1940@gmail.com Pour vous loger : https:\/\/provence-alpes-cotedazur.com\/sejourner\/hebergements\/tous-les-hebergements\/gites-et-locations\/au-mas-saint-pierre-cabannes-fr-3337953\/<\/p>\n","protected":false},"author":1,"featured_media":0,"parent":13,"menu_order":20,"comment_status":"closed","ping_status":"closed","template":"","meta":{"footnotes":""},"class_list":["post-103","page","type-page","status-publish","hentry"],"yoast_head":"<!-- This site is optimized with the Yoast SEO plugin v27.3 - https:\/\/yoast.com\/product\/yoast-seo-wordpress\/ -->\n<title>Nos liens et partenaires - Chapelle Saint-Michel \u00e0 Cabannes<\/title>\n<meta name=\"robots\" content=\"index, follow, max-snippet:-1, max-image-preview:large, max-video-preview:-1\" \/>\n<link rel=\"canonical\" href=\"https:\/\/www.chapelle-saintmichel-provence.fr\/archange\/vie-dun-lieu-de-culte\/nos-liens-partenaires-2\/\" \/>\n<meta property=\"og:locale\" content=\"fr_FR\" \/>\n<meta property=\"og:type\" content=\"article\" \/>\n<meta property=\"og:title\" content=\"Nos liens et partenaires - Chapelle Saint-Michel \u00e0 Cabannes\" \/>\n<meta property=\"og:description\" content=\"Unit\u00e9 Pastorale Saint Andiol (Email seulement) cesairepastorale@yahoo.fr Ensemble\u00a0Pastorale\u00a0 Saint Andiol Saint Remy http:\/\/upsaintremy.free.fr\/ Dioc\u00e8se d\u2019Aix https:\/\/www.catho-aixarles.fr\/ Saint Michel de Frigolet http:\/\/www.frigolet.com\/ Ville de Cabannes https:\/\/mairie-cabannes.fr\/fr Les Amis de L\u2019Orgue de Cabannes https:\/\/www.facebook.com\/orgue.de.cabannes\/ Ecole Sainte Madeleine http:\/\/saintemadeleine.fr\/ Pour visite de la Chapelle tel: 07 66 04 31 05 Contact : girard1940@gmail.com Pour vous loger : https:\/\/provence-alpes-cotedazur.com\/sejourner\/hebergements\/tous-les-hebergements\/gites-et-locations\/au-mas-saint-pierre-cabannes-fr-3337953\/\" \/>\n<meta property=\"og:url\" content=\"https:\/\/www.chapelle-saintmichel-provence.fr\/archange\/vie-dun-lieu-de-culte\/nos-liens-partenaires-2\/\" \/>\n<meta property=\"og:site_name\" content=\"Chapelle Saint-Michel \u00e0 Cabannes\" \/>\n<meta property=\"article:modified_time\" content=\"2025-07-29T17:46:40+00:00\" \/>\n<meta name=\"twitter:card\" content=\"summary_large_image\" \/>\n<meta name=\"twitter:label1\" content=\"Dur\u00e9e de lecture estim\u00e9e\" \/>\n\t<meta name=\"twitter:data1\" content=\"1 minute\" \/>\n<script type=\"application\/ld+json\" class=\"yoast-schema-graph\">{\"@context\":\"https:\\\/\\\/schema.org\",\"@graph\":[{\"@type\":\"WebPage\",\"@id\":\"https:\\\/\\\/www.chapelle-saintmichel-provence.fr\\\/archange\\\/vie-dun-lieu-de-culte\\\/nos-liens-partenaires-2\\\/\",\"url\":\"https:\\\/\\\/www.chapelle-saintmichel-provence.fr\\\/archange\\\/vie-dun-lieu-de-culte\\\/nos-liens-partenaires-2\\\/\",\"name\":\"Nos liens et partenaires - Chapelle Saint-Michel \u00e0 Cabannes\",\"isPartOf\":{\"@id\":\"https:\\\/\\\/www.chapelle-saintmichel-provence.fr\\\/archange\\\/#website\"},\"datePublished\":\"2016-03-25T15:51:10+00:00\",\"dateModified\":\"2025-07-29T17:46:40+00:00\",\"breadcrumb\":{\"@id\":\"https:\\\/\\\/www.chapelle-saintmichel-provence.fr\\\/archange\\\/vie-dun-lieu-de-culte\\\/nos-liens-partenaires-2\\\/#breadcrumb\"},\"inLanguage\":\"fr-FR\",\"potentialAction\":[{\"@type\":\"ReadAction\",\"target\":[\"https:\\\/\\\/www.chapelle-saintmichel-provence.fr\\\/archange\\\/vie-dun-lieu-de-culte\\\/nos-liens-partenaires-2\\\/\"]}]},{\"@type\":\"BreadcrumbList\",\"@id\":\"https:\\\/\\\/www.chapelle-saintmichel-provence.fr\\\/archange\\\/vie-dun-lieu-de-culte\\\/nos-liens-partenaires-2\\\/#breadcrumb\",\"itemListElement\":[{\"@type\":\"ListItem\",\"position\":1,\"name\":\"Accueil\",\"item\":\"https:\\\/\\\/www.chapelle-saintmichel-provence.fr\\\/archange\\\/\"},{\"@type\":\"ListItem\",\"position\":2,\"name\":\"Vie d\u2019un lieu de culte\",\"item\":\"https:\\\/\\\/www.chapelle-saintmichel-provence.fr\\\/archange\\\/vie-dun-lieu-de-culte\\\/\"},{\"@type\":\"ListItem\",\"position\":3,\"name\":\"Nos liens et partenaires\"}]},{\"@type\":\"WebSite\",\"@id\":\"https:\\\/\\\/www.chapelle-saintmichel-provence.fr\\\/archange\\\/#website\",\"url\":\"https:\\\/\\\/www.chapelle-saintmichel-provence.fr\\\/archange\\\/\",\"name\":\"Chapelle Saint-Michel \u00e0 Cabannes\",\"description\":\"Association Les amis de Saint Michel\",\"potentialAction\":[{\"@type\":\"SearchAction\",\"target\":{\"@type\":\"EntryPoint\",\"urlTemplate\":\"https:\\\/\\\/www.chapelle-saintmichel-provence.fr\\\/archange\\\/?s={search_term_string}\"},\"query-input\":{\"@type\":\"PropertyValueSpecification\",\"valueRequired\":true,\"valueName\":\"search_term_string\"}}],\"inLanguage\":\"fr-FR\"}]}<\/script>\n<!-- \/ Yoast SEO plugin. -->","yoast_head_json":{"title":"Nos liens et partenaires - Chapelle Saint-Michel \u00e0 Cabannes","robots":{"index":"index","follow":"follow","max-snippet":"max-snippet:-1","max-image-preview":"max-image-preview:large","max-video-preview":"max-video-preview:-1"},"canonical":"https:\/\/www.chapelle-saintmichel-provence.fr\/archange\/vie-dun-lieu-de-culte\/nos-liens-partenaires-2\/","og_locale":"fr_FR","og_type":"article","og_title":"Nos liens et partenaires - Chapelle Saint-Michel \u00e0 Cabannes","og_description":"Unit\u00e9 Pastorale Saint Andiol (Email seulement) cesairepastorale@yahoo.fr Ensemble\u00a0Pastorale\u00a0 Saint Andiol Saint Remy http:\/\/upsaintremy.free.fr\/ Dioc\u00e8se d\u2019Aix https:\/\/www.catho-aixarles.fr\/ Saint Michel de Frigolet http:\/\/www.frigolet.com\/ Ville de Cabannes https:\/\/mairie-cabannes.fr\/fr Les Amis de L\u2019Orgue de Cabannes https:\/\/www.facebook.com\/orgue.de.cabannes\/ Ecole Sainte Madeleine http:\/\/saintemadeleine.fr\/ Pour visite de la Chapelle tel: 07 66 04 31 05 Contact : girard1940@gmail.com Pour vous loger : https:\/\/provence-alpes-cotedazur.com\/sejourner\/hebergements\/tous-les-hebergements\/gites-et-locations\/au-mas-saint-pierre-cabannes-fr-3337953\/","og_url":"https:\/\/www.chapelle-saintmichel-provence.fr\/archange\/vie-dun-lieu-de-culte\/nos-liens-partenaires-2\/","og_site_name":"Chapelle Saint-Michel \u00e0 Cabannes","article_modified_time":"2025-07-29T17:46:40+00:00","twitter_card":"summary_large_image","twitter_misc":{"Dur\u00e9e de lecture estim\u00e9e":"1 minute"},"schema":{"@context":"https:\/\/schema.org","@graph":[{"@type":"WebPage","@id":"https:\/\/www.chapelle-saintmichel-provence.fr\/archange\/vie-dun-lieu-de-culte\/nos-liens-partenaires-2\/","url":"https:\/\/www.chapelle-saintmichel-provence.fr\/archange\/vie-dun-lieu-de-culte\/nos-liens-partenaires-2\/","name":"Nos liens et partenaires - Chapelle Saint-Michel \u00e0 Cabannes","isPartOf":{"@id":"https:\/\/www.chapelle-saintmichel-provence.fr\/archange\/#website"},"datePublished":"2016-03-25T15:51:10+00:00","dateModified":"2025-07-29T17:46:40+00:00","breadcrumb":{"@id":"https:\/\/www.chapelle-saintmichel-provence.fr\/archange\/vie-dun-lieu-de-culte\/nos-liens-partenaires-2\/#breadcrumb"},"inLanguage":"fr-FR","potentialAction":[{"@type":"ReadAction","target":["https:\/\/www.chapelle-saintmichel-provence.fr\/archange\/vie-dun-lieu-de-culte\/nos-liens-partenaires-2\/"]}]},{"@type":"BreadcrumbList","@id":"https:\/\/www.chapelle-saintmichel-provence.fr\/archange\/vie-dun-lieu-de-culte\/nos-liens-partenaires-2\/#breadcrumb","itemListElement":[{"@type":"ListItem","position":1,"name":"Accueil","item":"https:\/\/www.chapelle-saintmichel-provence.fr\/archange\/"},{"@type":"ListItem","position":2,"name":"Vie d\u2019un lieu de culte","item":"https:\/\/www.chapelle-saintmichel-provence.fr\/archange\/vie-dun-lieu-de-culte\/"},{"@type":"ListItem","position":3,"name":"Nos liens et partenaires"}]},{"@type":"WebSite","@id":"https:\/\/www.chapelle-saintmichel-provence.fr\/archange\/#website","url":"https:\/\/www.chapelle-saintmichel-provence.fr\/archange\/","name":"Chapelle Saint-Michel \u00e0 Cabannes","description":"Association Les amis de Saint Michel","potentialAction":[{"@type":"SearchAction","target":{"@type":"EntryPoint","urlTemplate":"https:\/\/www.chapelle-saintmichel-provence.fr\/archange\/?s={search_term_string}"},"query-input":{"@type":"PropertyValueSpecification","valueRequired":true,"valueName":"search_term_string"}}],"inLanguage":"fr-FR"}]}},"_links":{"self":[{"href":"https:\/\/www.chapelle-saintmichel-provence.fr\/archange\/wp-json\/wp\/v2\/pages\/103","targetHints":{"allow":["GET"]}}],"collection":[{"href":"https:\/\/www.chapelle-saintmichel-provence.fr\/archange\/wp-json\/wp\/v2\/pages"}],"about":[{"href":"https:\/\/www.chapelle-saintmichel-provence.fr\/archange\/wp-json\/wp\/v2\/types\/page"}],"author":[{"embeddable":true,"href":"https:\/\/www.chapelle-saintmichel-provence.fr\/archange\/wp-json\/wp\/v2\/users\/1"}],"replies":[{"embeddable":true,"href":"https:\/\/www.chapelle-saintmichel-provence.fr\/archange\/wp-json\/wp\/v2\/comments?post=103"}],"version-history":[{"count":5,"href":"https:\/\/www.chapelle-saintmichel-provence.fr\/archange\/wp-json\/wp\/v2\/pages\/103\/revisions"}],"predecessor-version":[{"id":569,"href":"https:\/\/www.chapelle-saintmichel-provence.fr\/archange\/wp-json\/wp\/v2\/pages\/103\/revisions\/569"}],"up":[{"embeddable":true,"href":"https:\/\/www.chapelle-saintmichel-provence.fr\/archange\/wp-json\/wp\/v2\/pages\/13"}],"wp:attachment":[{"href":"https:\/\/www.chapelle-saintmichel-provence.fr\/archange\/wp-json\/wp\/v2\/media?parent=103"}],"curies":[{"name":"wp","href":"https:\/\/api.w.org\/{rel}","templated":true}]}}